{"id":20902,"date":"2025-07-09T17:19:08","date_gmt":"2025-07-09T17:19:08","guid":{"rendered":"https:\/\/www.lermonos.com\/?page_id=20902"},"modified":"2025-07-17T07:55:12","modified_gmt":"2025-07-17T07:55:12","slug":"urunler","status":"publish","type":"page","link":"https:\/\/www.lermonos.com\/en\/urunler\/","title":{"rendered":"Products"},"content":{"rendered":"<div data-elementor-type=\"wp-page\" data-elementor-id=\"20902\" class=\"elementor elementor-20902\">\n\t\t\t\t\t\t<section class=\"elementor-section-with-custom-width elementor-section elementor-top-section elementor-element elementor-element-5ce860d elementor-section-boxed elementor-section-height-default elementor-section-height-default sc_fly_static\" data-id=\"5ce860d\" data-element_type=\"section\" data-e-type=\"section\">\n\t\t\t\t\t\t<div class=\"elementor-container elementor-column-gap-extended\">\n\t\t\t\t\t<div class=\"elementor-column elementor-col-100 elementor-top-column elementor-element elementor-element-36bbf9a sc_content_align_inherit sc_layouts_column_icons_position_left sc_fly_static\" data-id=\"36bbf9a\" data-element_type=\"column\" data-e-type=\"column\">\n\t\t\t<div class=\"elementor-widget-wrap elementor-element-populated\">\n\t\t\t\t\t\t<div class=\"elementor-element elementor-element-2c41ddf sc_height_medium sc_fly_static elementor-widget elementor-widget-spacer\" data-id=\"2c41ddf\" data-element_type=\"widget\" data-e-type=\"widget\" data-widget_type=\"spacer.default\">\n\t\t\t\t<div class=\"elementor-widget-container\">\n\t\t\t\t\t\t\t<div class=\"elementor-spacer\">\n\t\t\t<div class=\"elementor-spacer-inner\"><\/div>\n\t\t<\/div>\n\t\t\t\t\t\t<\/div>\n\t\t\t\t<\/div>\n\t\t\t\t\t<\/div>\n\t\t<\/div>\n\t\t\t\t\t<\/div>\n\t\t<\/section>\n\t\t\t\t<section class=\"elementor-section-with-custom-width elementor-section elementor-top-section elementor-element elementor-element-322e6a7 elementor-section-content-top elementor-section-boxed elementor-section-height-default elementor-section-height-default sc_fly_static\" data-id=\"322e6a7\" data-element_type=\"section\" data-e-type=\"section\" data-settings=\"{&quot;background_background&quot;:&quot;classic&quot;}\">\n\t\t\t\t\t\t<div class=\"elementor-container elementor-column-gap-extended\">\n\t\t\t\t\t<div class=\"elementor-column elementor-col-100 elementor-top-column elementor-element elementor-element-f23ca4b sc_content_align_inherit sc_layouts_column_icons_position_left sc_fly_static\" data-id=\"f23ca4b\" data-element_type=\"column\" data-e-type=\"column\">\n\t\t\t<div class=\"elementor-widget-wrap elementor-element-populated\">\n\t\t\t\t\t\t<div class=\"elementor-element elementor-element-03c54c0 sc_fly_static elementor-widget elementor-widget-trx_sc_title\" data-id=\"03c54c0\" data-element_type=\"widget\" data-e-type=\"widget\" data-widget_type=\"trx_sc_title.default\">\n\t\t\t\t<div class=\"elementor-widget-container\">\n\t\t\t\t\t<div\t\tclass=\"sc_title sc_title_icon_bottom\" ><h1 class=\"sc_item_title sc_title_title sc_align_center sc_item_title_style_icon_bottom sc_item_title_tag trx_addons_inline_2071757356\"\n\t\t\t><span class=\"sc_item_title_text\">From Vineyard to Bottle<\/span><\/h1><div class=\"sc_item_descr sc_title_descr sc_align_center\"><p>Lermonos wines are more than just grapes. In every glass, you can feel the voice of the soil, the character of the vintage, the care of the grower, and the wisdom of our winemaker.<br \/>\nYet what truly turns it into wine\u2014just as a chef brings a dish to life\u2014is the vision, experience, and intuition of the winemaker.<br \/>\n<strong style=\"color: #800020;\">Because wine is not simply made; it is created.<\/strong><\/p>\n<\/div><\/div>\t\t\t\t<\/div>\n\t\t\t\t<\/div>\n\t\t\t\t<div class=\"elementor-element elementor-element-add6233 sc_height_small sc_fly_static elementor-widget elementor-widget-spacer\" data-id=\"add6233\" data-element_type=\"widget\" data-e-type=\"widget\" data-widget_type=\"spacer.default\">\n\t\t\t\t<div class=\"elementor-widget-container\">\n\t\t\t\t\t\t\t<div class=\"elementor-spacer\">\n\t\t\t<div class=\"elementor-spacer-inner\"><\/div>\n\t\t<\/div>\n\t\t\t\t\t\t<\/div>\n\t\t\t\t<\/div>\n\t\t\t\t\t<\/div>\n\t\t<\/div>\n\t\t\t\t\t<\/div>\n\t\t<\/section>\n\t\t\t\t<section class=\"elementor-section elementor-top-section elementor-element elementor-element-13a9eee elementor-section-boxed elementor-section-height-default elementor-section-height-default sc_fly_static\" data-id=\"13a9eee\" data-element_type=\"section\" data-e-type=\"section\">\n\t\t\t\t\t\t<div class=\"elementor-container elementor-column-gap-extended\">\n\t\t\t\t\t<div class=\"elementor-column elementor-col-100 elementor-top-column elementor-element elementor-element-6884edb sc_content_align_inherit sc_layouts_column_icons_position_left sc_fly_static\" data-id=\"6884edb\" data-element_type=\"column\" data-e-type=\"column\">\n\t\t\t<div class=\"elementor-widget-wrap elementor-element-populated\">\n\t\t\t\t\t\t<div class=\"elementor-element elementor-element-a58b677 elementor-widget-tablet__width-initial elementor-widget-mobile__width-inherit extra-icon-padding sc_fly_static elementor-widget elementor-widget-trx_sc_icons\" data-id=\"a58b677\" data-element_type=\"widget\" data-e-type=\"widget\" data-widget_type=\"trx_sc_icons.default\">\n\t\t\t\t<div class=\"elementor-widget-container\">\n\t\t\t\t\t<div \tclass=\"sc_icons color_style_link2 sc_icons_card sc_icons_size_medium sc_align_center\" ><div class=\"sc_icons_columns_wrap sc_item_columns trx_addons_columns_wrap columns_padding_bottom columns_in_single_row\" ><div class=\"trx_addons_column-1_3\"><div class=\"sc_icons_item sc_icons_item_linked with_more\"><div class=\"sc_icons_image\" ><img decoding=\"async\" src=\"\/\/www.lermonos.com\/wp-content\/uploads\/2025\/07\/lykos-valley_page-0001-1.jpg\" alt=\"Icon\" width=\"150\" height=\"186\"><\/div><div class=\"sc_icons_item_details\"><h4 class=\"sc_icons_item_title\"><a href=\"https:\/\/www.lermonos.com\/en\/urunlerimiz\/\">\n                                    Lykos Valley                                    <\/a><\/h4><div class=\"sc_icons_item_description\"><span><b>From a Journey of Thousands of Years to Wine<\/b><\/span><span><\/span><span>The Lykos Valley is the reflection in wine of an ancient vineyard journey stretching from the plains of Central Anatolia to the blue shores of the Aegean.<\/span><span><\/span><span>Crafted from local and international grape varieties, produced as special blends fermented in stainless steel tanks.<\/span><\/div><a href=\"https:\/\/www.lermonos.com\/en\/urunlerimiz\/\" class=\"sc_icons_item_more_link\">\n                        <span class=\"link_text\">More<\/span><span class=\"link_icon\"><\/span>\n                        <\/a><a href=\"https:\/\/www.lermonos.com\/en\/urunlerimiz\/\"\n                        class=\"sc_icons_item_link\">\n                        <\/a><\/div><\/div><\/div><div class=\"trx_addons_column-1_3\"><div class=\"sc_icons_item sc_icons_item_linked with_more\"><div class=\"sc_icons_image\" ><img fetchpriority=\"high\" decoding=\"async\" src=\"\/\/www.lermonos.com\/wp-content\/uploads\/2025\/07\/carovino2-410x230.png\" alt=\"Icon\" width=\"410\" height=\"230\"><\/div><div class=\"sc_icons_item_details\"><h4 class=\"sc_icons_item_title\"><a href=\"https:\/\/www.lermonos.com\/en\/urunlerimiz\/\">\n                                    Carovino                                    <\/a><\/h4><div class=\"sc_icons_item_description\"><span><b>A Love Letter to \u00c7al Karas\u0131<\/b><\/span><span><\/span><span>Carovino is a special series inspired by our roots, crafted exclusively from organic \u00c7al Karas\u0131 grapes grown in Lermonos Vineyards.<\/span><span><\/span><span>Presented in styles such as Blanc de Noir, Ros\u00e9, and Clairet, it reveals this local gem through its different expressions.<\/span><\/div><a href=\"https:\/\/www.lermonos.com\/en\/urunlerimiz\/\" class=\"sc_icons_item_more_link\">\n                        <span class=\"link_text\">More<\/span><span class=\"link_icon\"><\/span>\n                        <\/a><a href=\"https:\/\/www.lermonos.com\/en\/urunlerimiz\/\"\n                        class=\"sc_icons_item_link\">\n                        <\/a><\/div><\/div><\/div><div class=\"trx_addons_column-1_3\"><div class=\"sc_icons_item sc_icons_item_linked with_more\"><div class=\"sc_icons_image\" ><img decoding=\"async\" src=\"\/\/www.lermonos.com\/wp-content\/uploads\/2025\/07\/rindera-e1752144085647.jpg\" alt=\"Icon\" width=\"150\" height=\"186\"><\/div><div class=\"sc_icons_item_details\"><h4 class=\"sc_icons_item_title\"><a href=\"https:\/\/www.lermonos.com\/en\/urunlerimiz\/\">\n                                    Rindera                                    <\/a><\/h4><div class=\"sc_icons_item_description\"><span><b>Denizli\u2019s Endemic Elegance<\/b><\/span><span><\/span><span>Named after the Rindera flower\u2014found only in Denizli\u2014this series, introduced in 2020, reflects a unique, refined, and distinctly local elegance, much like the rare plant itself.<\/span><span><\/span><span>Six different monovarietal wines and blends come to life through Lermonos\u2019 meticulous viticulture and its balance between barrel and tank.<\/span><\/div><a href=\"https:\/\/www.lermonos.com\/en\/urunlerimiz\/\" class=\"sc_icons_item_more_link\">\n                        <span class=\"link_text\">More<\/span><span class=\"link_icon\"><\/span>\n                        <\/a><a href=\"https:\/\/www.lermonos.com\/en\/urunlerimiz\/\"\n                        class=\"sc_icons_item_link\">\n                        <\/a><\/div><\/div><\/div><\/div><\/div><!-- \/.sc_icons -->\t\t\t\t<\/div>\n\t\t\t\t<\/div>\n\t\t\t\t\t<\/div>\n\t\t<\/div>\n\t\t\t\t\t<\/div>\n\t\t<\/section>\n\t\t\t\t<section class=\"elementor-section elementor-top-section elementor-element elementor-element-36eea37 elementor-section-boxed elementor-section-height-default elementor-section-height-default sc_fly_static\" data-id=\"36eea37\" data-element_type=\"section\" data-e-type=\"section\">\n\t\t\t\t\t\t<div class=\"elementor-container elementor-column-gap-extended\">\n\t\t\t\t\t<div class=\"elementor-column elementor-col-100 elementor-top-column elementor-element elementor-element-ebe8ccd sc_content_align_inherit sc_layouts_column_icons_position_left sc_fly_static\" data-id=\"ebe8ccd\" data-element_type=\"column\" data-e-type=\"column\">\n\t\t\t<div class=\"elementor-widget-wrap elementor-element-populated\">\n\t\t\t\t\t\t<div class=\"elementor-element elementor-element-121b3b5 sc_height_tiny sc_fly_static elementor-widget elementor-widget-spacer\" data-id=\"121b3b5\" data-element_type=\"widget\" data-e-type=\"widget\" data-widget_type=\"spacer.default\">\n\t\t\t\t<div class=\"elementor-widget-container\">\n\t\t\t\t\t\t\t<div class=\"elementor-spacer\">\n\t\t\t<div class=\"elementor-spacer-inner\"><\/div>\n\t\t<\/div>\n\t\t\t\t\t\t<\/div>\n\t\t\t\t<\/div>\n\t\t\t\t\t<\/div>\n\t\t<\/div>\n\t\t\t\t\t<\/div>\n\t\t<\/section>\n\t\t\t\t<section class=\"elementor-section elementor-top-section elementor-element elementor-element-6f5a377 elementor-section-boxed elementor-section-height-default elementor-section-height-default sc_fly_static\" data-id=\"6f5a377\" data-element_type=\"section\" data-e-type=\"section\">\n\t\t\t\t\t\t<div class=\"elementor-container elementor-column-gap-extended\">\n\t\t\t\t\t<div class=\"elementor-column elementor-col-50 elementor-top-column elementor-element elementor-element-dd5a0f7 sc_content_align_inherit sc_layouts_column_icons_position_left sc_fly_static\" data-id=\"dd5a0f7\" data-element_type=\"column\" data-e-type=\"column\">\n\t\t\t<div class=\"elementor-widget-wrap elementor-element-populated\">\n\t\t\t\t\t\t<div class=\"elementor-element elementor-element-3a7404b elementor-widget-tablet__width-initial elementor-widget-mobile__width-inherit extra-icon-padding sc_fly_static elementor-widget elementor-widget-trx_sc_icons\" data-id=\"3a7404b\" data-element_type=\"widget\" data-e-type=\"widget\" data-widget_type=\"trx_sc_icons.default\">\n\t\t\t\t<div class=\"elementor-widget-container\">\n\t\t\t\t\t<div \tclass=\"sc_icons color_style_link2 sc_icons_card sc_icons_size_medium sc_align_center\" ><div class=\"sc_icons_columns_wrap sc_item_columns trx_addons_columns_wrap columns_padding_bottom columns_in_single_row\" ><div class=\"trx_addons_column-1_2\"><div class=\"sc_icons_item sc_icons_item_linked with_more\"><div class=\"sc_icons_image\" ><img loading=\"lazy\" decoding=\"async\" src=\"\/\/www.lermonos.com\/wp-content\/uploads\/2025\/07\/lermonos-merlot_page-0001-410x230.jpg\" alt=\"Icon\" width=\"410\" height=\"230\"><\/div><div class=\"sc_icons_item_details\"><h4 class=\"sc_icons_item_title\"><a href=\"https:\/\/www.lermonos.com\/en\/urunlerimiz\/\">\n                                    Lermonos                                    <\/a><\/h4><div class=\"sc_icons_item_description\"><span><b>Wines Where High Altitude, Organic Vineyards, and Craftsmanship Meet<\/b><\/span><span><\/span><span>Lermonos represents our boutique series, crafted from carefully selected and yield-limited grapes grown in our organic vineyards at 850 meters in the Han\u00e7alar region.<\/span><span><\/span><span>Aged in French oak barrels, these wines reflect the character of the terroir and our craftsmanship shaped over time.<\/span><span><\/span><\/div><a href=\"https:\/\/www.lermonos.com\/en\/urunlerimiz\/\" class=\"sc_icons_item_more_link\">\n                        <span class=\"link_text\">More<\/span><span class=\"link_icon\"><\/span>\n                        <\/a><a href=\"https:\/\/www.lermonos.com\/en\/urunlerimiz\/\"\n                        class=\"sc_icons_item_link\">\n                        <\/a><\/div><\/div><\/div><div class=\"trx_addons_column-1_2\"><div class=\"sc_icons_item sc_icons_item_linked with_more\"><div class=\"sc_icons_image\" ><img loading=\"lazy\" decoding=\"async\" src=\"\/\/www.lermonos.com\/wp-content\/uploads\/2025\/07\/lykos-1-410x230.png\" alt=\"Icon\" width=\"410\" height=\"230\"><\/div><div class=\"sc_icons_item_details\"><h4 class=\"sc_icons_item_title\"><a href=\"https:\/\/www.lermonos.com\/en\/urunlerimiz\/\">\n                                    Alice                                    <\/a><\/h4><div class=\"sc_icons_item_description\"><span><b>For Those Who Go Beyond the Visible\u2026<\/b><\/span><span><\/span><span>ALICE stands at the intersection of the local and the universal, the past and the future, the grape and the wine.<\/span><span><\/span><span>With its white, ros\u00e9, and red blends, it invites you to a bold exploration with every sip.<\/span><span><\/span><span><\/span><\/div><a href=\"https:\/\/www.lermonos.com\/en\/urunlerimiz\/\" class=\"sc_icons_item_more_link\">\n                        <span class=\"link_text\">More<\/span><span class=\"link_icon\"><\/span>\n                        <\/a><a href=\"https:\/\/www.lermonos.com\/en\/urunlerimiz\/\"\n                        class=\"sc_icons_item_link\">\n                        <\/a><\/div><\/div><\/div><\/div><\/div><!-- \/.sc_icons -->\t\t\t\t<\/div>\n\t\t\t\t<\/div>\n\t\t\t\t\t<\/div>\n\t\t<\/div>\n\t\t\t\t<div class=\"elementor-column elementor-col-50 elementor-top-column elementor-element elementor-element-fea606a scheme_dark sc_content_align_inherit sc_layouts_column_icons_position_left sc_fly_static\" data-id=\"fea606a\" data-element_type=\"column\" data-e-type=\"column\">\n\t\t\t<div class=\"elementor-widget-wrap\">\n\t\t\t\t\t\t\t<\/div>\n\t\t<\/div>\n\t\t\t\t\t<\/div>\n\t\t<\/section>\n\t\t\t\t<section class=\"elementor-section elementor-top-section elementor-element elementor-element-e261e91 elementor-section-boxed elementor-section-height-default elementor-section-height-default sc_fly_static\" data-id=\"e261e91\" data-element_type=\"section\" data-e-type=\"section\">\n\t\t\t\t\t\t<div class=\"elementor-container elementor-column-gap-extended\">\n\t\t\t\t\t<div class=\"elementor-column elementor-col-100 elementor-top-column elementor-element elementor-element-09305a1 sc_content_align_inherit sc_layouts_column_icons_position_left sc_fly_static\" data-id=\"09305a1\" data-element_type=\"column\" data-e-type=\"column\">\n\t\t\t<div class=\"elementor-widget-wrap elementor-element-populated\">\n\t\t\t\t\t\t<div class=\"elementor-element elementor-element-da20026 sc_height_tiny sc_fly_static elementor-widget elementor-widget-spacer\" data-id=\"da20026\" data-element_type=\"widget\" data-e-type=\"widget\" data-widget_type=\"spacer.default\">\n\t\t\t\t<div class=\"elementor-widget-container\">\n\t\t\t\t\t\t\t<div class=\"elementor-spacer\">\n\t\t\t<div class=\"elementor-spacer-inner\"><\/div>\n\t\t<\/div>\n\t\t\t\t\t\t<\/div>\n\t\t\t\t<\/div>\n\t\t\t\t\t<\/div>\n\t\t<\/div>\n\t\t\t\t\t<\/div>\n\t\t<\/section>\n\t\t\t\t<section class=\"elementor-section elementor-top-section elementor-element elementor-element-32027b1 elementor-section-boxed elementor-section-height-default elementor-section-height-default sc_fly_static\" data-id=\"32027b1\" data-element_type=\"section\" data-e-type=\"section\">\n\t\t\t\t\t\t<div class=\"elementor-container elementor-column-gap-extended\">\n\t\t\t\t\t<div class=\"elementor-column elementor-col-100 elementor-top-column elementor-element elementor-element-4713fd4 sc_content_align_inherit sc_layouts_column_icons_position_left sc_fly_static\" data-id=\"4713fd4\" data-element_type=\"column\" data-e-type=\"column\">\n\t\t\t<div class=\"elementor-widget-wrap elementor-element-populated\">\n\t\t\t\t\t\t<div class=\"elementor-element elementor-element-1bd0199 sc_height_huge sc_fly_static elementor-widget elementor-widget-spacer\" data-id=\"1bd0199\" data-element_type=\"widget\" data-e-type=\"widget\" data-widget_type=\"spacer.default\">\n\t\t\t\t<div class=\"elementor-widget-container\">\n\t\t\t\t\t\t\t<div class=\"elementor-spacer\">\n\t\t\t<div class=\"elementor-spacer-inner\"><\/div>\n\t\t<\/div>\n\t\t\t\t\t\t<\/div>\n\t\t\t\t<\/div>\n\t\t\t\t\t<\/div>\n\t\t<\/div>\n\t\t\t\t\t<\/div>\n\t\t<\/section>\n\t\t\t\t<\/div>","protected":false},"excerpt":{"rendered":"<p>Ba\u011fdan \u015ei\u015feye Lermonos \u015faraplar\u0131 yaln\u0131zca \u00fcz\u00fcmden ibaret de\u011fildir. Her kadehte topra\u011f\u0131n sesi, y\u0131l\u0131n iklimi, \u00fcreticinin&hellip;<\/p>","protected":false},"author":1,"featured_media":0,"parent":0,"menu_order":0,"comment_status":"closed","ping_status":"closed","template":"","meta":{"footnotes":""},"class_list":["post-20902","page","type-page","status-publish","hentry"],"aioseo_notices":[],"_links":{"self":[{"href":"https:\/\/www.lermonos.com\/en\/wp-json\/wp\/v2\/pages\/20902","targetHints":{"allow":["GET"]}}],"collection":[{"href":"https:\/\/www.lermonos.com\/en\/wp-json\/wp\/v2\/pages"}],"about":[{"href":"https:\/\/www.lermonos.com\/en\/wp-json\/wp\/v2\/types\/page"}],"author":[{"embeddable":true,"href":"https:\/\/www.lermonos.com\/en\/wp-json\/wp\/v2\/users\/1"}],"replies":[{"embeddable":true,"href":"https:\/\/www.lermonos.com\/en\/wp-json\/wp\/v2\/comments?post=20902"}],"version-history":[{"count":184,"href":"https:\/\/www.lermonos.com\/en\/wp-json\/wp\/v2\/pages\/20902\/revisions"}],"predecessor-version":[{"id":21659,"href":"https:\/\/www.lermonos.com\/en\/wp-json\/wp\/v2\/pages\/20902\/revisions\/21659"}],"wp:attachment":[{"href":"https:\/\/www.lermonos.com\/en\/wp-json\/wp\/v2\/media?parent=20902"}],"curies":[{"name":"wp","href":"https:\/\/api.w.org\/{rel}","templated":true}]}}