{"id":1453,"date":"2020-04-30T11:12:41","date_gmt":"2020-04-30T11:12:41","guid":{"rendered":"https:\/\/www.lermonos.com\/?page_id=1453"},"modified":"2025-07-10T13:24:42","modified_gmt":"2025-07-10T13:24:42","slug":"ziyaret-iletisim","status":"publish","type":"page","link":"https:\/\/www.lermonos.com\/tr_tr\/ziyaret-iletisim\/","title":{"rendered":"\u0130leti\u015fim"},"content":{"rendered":"\t\t<div data-elementor-type=\"wp-page\" data-elementor-id=\"1453\" class=\"elementor elementor-1453\">\n\t\t\t\t\t\t<section class=\"elementor-section elementor-top-section elementor-element elementor-element-dfd0805 elementor-section-boxed elementor-section-height-default elementor-section-height-default sc_fly_static\" data-id=\"dfd0805\" data-element_type=\"section\" data-e-type=\"section\">\n\t\t\t\t\t\t<div class=\"elementor-container elementor-column-gap-extended\">\n\t\t\t\t\t<div class=\"elementor-column elementor-col-100 elementor-top-column elementor-element elementor-element-17c81c3 sc_content_align_inherit sc_layouts_column_icons_position_left sc_fly_static\" data-id=\"17c81c3\" data-element_type=\"column\" data-e-type=\"column\">\n\t\t\t<div class=\"elementor-widget-wrap elementor-element-populated\">\n\t\t\t\t\t\t<div class=\"elementor-element elementor-element-5a2bf65 sc_height_medium sc_fly_static elementor-widget elementor-widget-spacer\" data-id=\"5a2bf65\" data-element_type=\"widget\" data-e-type=\"widget\" data-widget_type=\"spacer.default\">\n\t\t\t\t<div class=\"elementor-widget-container\">\n\t\t\t\t\t\t\t<div class=\"elementor-spacer\">\n\t\t\t<div class=\"elementor-spacer-inner\"><\/div>\n\t\t<\/div>\n\t\t\t\t\t\t<\/div>\n\t\t\t\t<\/div>\n\t\t\t\t\t<\/div>\n\t\t<\/div>\n\t\t\t\t\t<\/div>\n\t\t<\/section>\n\t\t\t\t<section class=\"elementor-section-with-custom-width elementor-section elementor-top-section elementor-element elementor-element-df846e7 elementor-section-boxed elementor-section-height-default elementor-section-height-default sc_fly_static\" data-id=\"df846e7\" data-element_type=\"section\" data-e-type=\"section\">\n\t\t\t\t\t\t<div class=\"elementor-container elementor-column-gap-wider\">\n\t\t\t\t\t<div class=\"elementor-column elementor-col-25 elementor-top-column elementor-element elementor-element-7234489 sc_content_align_inherit sc_layouts_column_icons_position_left sc_fly_static\" data-id=\"7234489\" data-element_type=\"column\" data-e-type=\"column\">\n\t\t\t<div class=\"elementor-widget-wrap elementor-element-populated\">\n\t\t\t\t\t\t<div class=\"elementor-element elementor-element-75428ef sc_fly_static elementor-widget elementor-widget-trx_sc_icons\" data-id=\"75428ef\" data-element_type=\"widget\" data-e-type=\"widget\" data-widget_type=\"trx_sc_icons.default\">\n\t\t\t\t<div class=\"elementor-widget-container\">\n\t\t\t\t\t<div \tclass=\"sc_icons sc_icons_decoration sc_icons_size_small sc_align_none\" ><div class=\"sc_icons_item\"><div class=\"sc_icons_icon sc_icon_type_ icon-map\" style=\"color: var(--e-global-color-7658679)\" ><span class=\"sc_icon_type_ icon-map\" style=\"color: var(--e-global-color-7658679)\"><\/span><\/div><div class=\"sc_icons_item_details\"><h4 class=\"sc_icons_item_title\"><span>Winery<\/span><\/h4><div class=\"sc_icons_item_description\"><span>Lermonos Ba\u011fc\u0131l\u0131k \u015earap\u00e7\u0131l\u0131k A\u015e<\/span><span>Selcen, 2 No'lu K\u00fcme Evler No 2 D:1, 20765 \u00c7al\/Denizli<\/span><span><\/span><\/div><\/div><\/div><\/div><!-- \/.sc_icons -->\t\t\t\t<\/div>\n\t\t\t\t<\/div>\n\t\t\t\t<div class=\"elementor-element elementor-element-79d252c sc_fly_static elementor-widget elementor-widget-trx_sc_button\" data-id=\"79d252c\" data-element_type=\"widget\" data-e-type=\"widget\" data-widget_type=\"trx_sc_button.default\">\n\t\t\t\t<div class=\"elementor-widget-container\">\n\t\t\t\t\t<div\tclass=\"sc_item_button sc_button_wrap\" ><a href=\"https:\/\/www.google.com\/maps\/place\/Lermonos+%C5%9Earap+Tad%C4%B1m+%26+Restaurant\/@38.0876822,29.3741416,17z\/am=t\/data=!4m26!1m19!4m18!1m6!1m2!1s0x14c73f784b797a7f:0x37bf875984dc5cc3!2sLermonos+%C5%9Earap+Tad%C4%B1m+%26+Restaurant!2m2!1d29.3762939!2d38.0872403!1m6!1m2!1s0x14c7ad1256b000bf:0xcb037b808f63cac1!2sHan%C3%A7alar,+Ortak%C3%B6y+Caddesi+No+24,+20750+%C3%87al%2FDenizli!2m2!1d29.3606222!2d38.1249581!6m3!1i0!2i0!3i0!3m5!1s0x14c73f784b797a7f:0x37bf875984dc5cc3!8m2!3d38.0872403!4d29.3762939!16s%2Fg%2F11rcs797g8?entry=ttu&#038;g_ep=EgoyMDI1MDcwNy4wIKXMDSoASAFQAw%3D%3D\" class=\"sc_button sc_button_simple sc_button_size_small sc_button_icon_left\" ><span class=\"sc_button_text\"><span class=\"sc_button_title\">Adres i\u00e7in<\/span><\/span><\/a><\/div>\t\t\t\t<\/div>\n\t\t\t\t<\/div>\n\t\t\t\t\t<\/div>\n\t\t<\/div>\n\t\t\t\t<div class=\"elementor-column elementor-col-25 elementor-top-column elementor-element elementor-element-f4b62ad sc_content_align_inherit sc_layouts_column_icons_position_left sc_fly_static\" data-id=\"f4b62ad\" data-element_type=\"column\" data-e-type=\"column\">\n\t\t\t<div class=\"elementor-widget-wrap elementor-element-populated\">\n\t\t\t\t\t\t<div class=\"elementor-element elementor-element-b98e402 sc_fly_static elementor-widget elementor-widget-trx_sc_icons\" data-id=\"b98e402\" data-element_type=\"widget\" data-e-type=\"widget\" data-widget_type=\"trx_sc_icons.default\">\n\t\t\t\t<div class=\"elementor-widget-container\">\n\t\t\t\t\t<div \tclass=\"sc_icons sc_icons_decoration sc_icons_size_small sc_align_none\" ><div class=\"sc_icons_item with_more\"><div class=\"sc_icons_icon sc_icon_type_ icon-map\" style=\"color: var(--e-global-color-7658679)\" ><span class=\"sc_icon_type_ icon-map\" style=\"color: var(--e-global-color-7658679)\"><\/span><\/div><div class=\"sc_icons_item_details\"><h4 class=\"sc_icons_item_title\"><span>Vineyard<\/span><\/h4><div class=\"sc_icons_item_description\"><span>Lermonos Ba\u011flar\u0131<\/span><span>Ortak\u00f6y Caddesi No 24 \u00c7al<br><br><\/span><span><\/span><\/div><\/div><\/div><\/div><!-- \/.sc_icons -->\t\t\t\t<\/div>\n\t\t\t\t<\/div>\n\t\t\t\t<div class=\"elementor-element elementor-element-c0e5b91 sc_fly_static elementor-widget elementor-widget-trx_sc_button\" data-id=\"c0e5b91\" data-element_type=\"widget\" data-e-type=\"widget\" data-widget_type=\"trx_sc_button.default\">\n\t\t\t\t<div class=\"elementor-widget-container\">\n\t\t\t\t\t<div\tclass=\"sc_item_button sc_button_wrap\" ><a href=\"https:\/\/www.google.com\/maps?sca_esv=2d9e78bbee00db21&#038;sxsrf=AE3TifPtoE2RoPzVYhpbx2RRCOiw1hKZGQ:1752152993828&#038;uact=5&#038;gs_lp=Egxnd3Mtd2l6LXNlcnAiEmxlcm1vbm9zIGJhxJ9sYXLEsTIQEC4YgAQYxwEYJxiKBRivATIHECMY8AUYJzIGEAAYFhgeMgUQABjvBTIIEAAYgAQYogQyCBAAGIAEGKIEMgUQABjvBTIdEC4YgAQYxwEYigUYrwEYlwUY3AQY3gQY4ATYAQFI3R9QiBNYsxxwBXgAkAEBmAHYAaAB8guqAQUwLjcuMbgBA8gBAPgBAZgCDKAClgvCAgoQABiwAxjWBBhHwgINEAAYgAQYsAMYQxiKBcICChAjGIAEGCcYigXCAgQQIxgnwgIFEAAYgATCAhAQIxjwBRiABBgnGMkCGIoFmAMAiAYBkAYJugYGCAEQARgUkgcFNS41LjKgB5JhsgcFMC41LjK4B_4KwgcHMC4yLjguMsgHQQ&#038;um=1&#038;ie=UTF-8&#038;fb=1&#038;gl=tr&#038;sa=X&#038;geocode=Kb8AsFYSrccUMcHKY4-AewPL&#038;daddr=Han%C3%A7alar,+Ortak%C3%B6y+Caddesi+No+24,+20750+%C3%87al\/Denizli\" class=\"sc_button sc_button_simple sc_button_size_small sc_button_icon_left\" ><span class=\"sc_button_text\"><span class=\"sc_button_title\">Adres i\u00e7in<\/span><\/span><\/a><\/div>\t\t\t\t<\/div>\n\t\t\t\t<\/div>\n\t\t\t\t\t<\/div>\n\t\t<\/div>\n\t\t\t\t<div class=\"elementor-column elementor-col-25 elementor-top-column elementor-element elementor-element-5e37e5b sc_content_align_inherit sc_layouts_column_icons_position_left sc_fly_static\" data-id=\"5e37e5b\" data-element_type=\"column\" data-e-type=\"column\">\n\t\t\t<div class=\"elementor-widget-wrap elementor-element-populated\">\n\t\t\t\t\t\t<div class=\"elementor-element elementor-element-fbdf863 sc_fly_static elementor-widget elementor-widget-trx_sc_icons\" data-id=\"fbdf863\" data-element_type=\"widget\" data-e-type=\"widget\" data-widget_type=\"trx_sc_icons.default\">\n\t\t\t\t<div class=\"elementor-widget-container\">\n\t\t\t\t\t<div \tclass=\"sc_icons sc_icons_decoration sc_icons_size_small sc_align_none\" ><div class=\"sc_icons_item\"><div class=\"sc_icons_icon sc_icon_type_ trx_addons_icon-telephone\" style=\"color: var(--e-global-color-7658679)\" ><span class=\"sc_icon_type_ trx_addons_icon-telephone\" style=\"color: var(--e-global-color-7658679)\"><\/span><\/div><div class=\"sc_icons_item_details\"><h4 class=\"sc_icons_item_title\"><span>Telefon<\/span><\/h4><div class=\"sc_icons_item_description\"><span>+90 530 847 6269<\/span><span>+90 536 950 8252<br><br><\/span><\/div><\/div><\/div><\/div><!-- \/.sc_icons -->\t\t\t\t<\/div>\n\t\t\t\t<\/div>\n\t\t\t\t\t<\/div>\n\t\t<\/div>\n\t\t\t\t<div class=\"elementor-column elementor-col-25 elementor-top-column elementor-element elementor-element-4b5ae7b sc_content_align_inherit sc_layouts_column_icons_position_left sc_fly_static\" data-id=\"4b5ae7b\" data-element_type=\"column\" data-e-type=\"column\">\n\t\t\t<div class=\"elementor-widget-wrap elementor-element-populated\">\n\t\t\t\t\t\t<div class=\"elementor-element elementor-element-d75a7c9 sc_fly_static elementor-widget elementor-widget-trx_sc_icons\" data-id=\"d75a7c9\" data-element_type=\"widget\" data-e-type=\"widget\" data-widget_type=\"trx_sc_icons.default\">\n\t\t\t\t<div class=\"elementor-widget-container\">\n\t\t\t\t\t<div \tclass=\"sc_icons sc_icons_decoration sc_icons_size_small sc_align_none\" ><div class=\"sc_icons_item\"><div class=\"sc_icons_icon sc_icon_type_ icon-email-1\" style=\"color: #800020\" ><span class=\"sc_icon_type_ icon-email-1\" style=\"color: #800020\"><\/span><\/div><div class=\"sc_icons_item_details\"><h4 class=\"sc_icons_item_title\"><span>Email<\/span><\/h4><div class=\"sc_icons_item_description\"><span>info@lermonos.com<br><br><br><\/span><\/div><\/div><\/div><\/div><!-- \/.sc_icons -->\t\t\t\t<\/div>\n\t\t\t\t<\/div>\n\t\t\t\t\t<\/div>\n\t\t<\/div>\n\t\t\t\t\t<\/div>\n\t\t<\/section>\n\t\t\t\t<section class=\"elementor-section elementor-top-section elementor-element elementor-element-05d1a10 elementor-section-boxed elementor-section-height-default elementor-section-height-default sc_fly_static\" data-id=\"05d1a10\" data-element_type=\"section\" data-e-type=\"section\">\n\t\t\t\t\t\t<div class=\"elementor-container elementor-column-gap-extended\">\n\t\t\t\t\t<div class=\"elementor-column elementor-col-100 elementor-top-column elementor-element elementor-element-1aa9772 sc_content_align_inherit sc_layouts_column_icons_position_left sc_fly_static\" data-id=\"1aa9772\" data-element_type=\"column\" data-e-type=\"column\">\n\t\t\t<div class=\"elementor-widget-wrap elementor-element-populated\">\n\t\t\t\t\t\t<div class=\"elementor-element elementor-element-b1118b5 sc_fly_static elementor-widget elementor-widget-spacer\" data-id=\"b1118b5\" data-element_type=\"widget\" data-e-type=\"widget\" data-widget_type=\"spacer.default\">\n\t\t\t\t<div class=\"elementor-widget-container\">\n\t\t\t\t\t\t\t<div class=\"elementor-spacer\">\n\t\t\t<div class=\"elementor-spacer-inner\"><\/div>\n\t\t<\/div>\n\t\t\t\t\t\t<\/div>\n\t\t\t\t<\/div>\n\t\t\t\t\t<\/div>\n\t\t<\/div>\n\t\t\t\t\t<\/div>\n\t\t<\/section>\n\t\t\t\t<section class=\"elementor-section-with-custom-width elementor-section elementor-top-section elementor-element elementor-element-b1e780f elementor-section-boxed elementor-section-height-default elementor-section-height-default sc_fly_static\" data-id=\"b1e780f\" data-element_type=\"section\" data-e-type=\"section\">\n\t\t\t\t\t\t<div class=\"elementor-container elementor-column-gap-wider\">\n\t\t\t\t\t<div class=\"elementor-column elementor-col-100 elementor-top-column elementor-element elementor-element-9feb495 sc_content_align_inherit sc_layouts_column_icons_position_left sc_fly_static\" data-id=\"9feb495\" data-element_type=\"column\" data-e-type=\"column\">\n\t\t\t<div class=\"elementor-widget-wrap elementor-element-populated\">\n\t\t\t\t\t<div class=\"elementor-background-overlay\"><\/div>\n\t\t\t\t\t\t<div class=\"elementor-element elementor-element-a4e7d5c scheme_dark sc_fly_static elementor-widget elementor-widget-trx_sc_promo\" data-id=\"a4e7d5c\" data-element_type=\"widget\" data-e-type=\"widget\" data-widget_type=\"trx_sc_promo.default\">\n\t\t\t\t<div class=\"elementor-widget-container\">\n\t\t\t\t\t<div  \n\tclass=\"sc_promo scheme_dark sc_promo_default sc_promo_size_normal sc_promo_image_position_left\" ><div class=\"sc_promo_image\" style=\"background-image:url(\/\/www.lermonos.com\/wp-content\/uploads\/2025\/06\/iletisim.jpg);width:50%;left: 0;\" ><\/div><div class=\"sc_promo_text\" style=\"width: 50%;float: right;\" >\n\t\t\t<div class=\"sc_promo_text_inner\"><div class=\"sc_item_descr sc_promo_descr sc_align_center\"><p>Denizli: 60 km<br \/>\nDenizli \u00c7ardak Airport: 54 km<br \/>\nDenizli Organize: 40 km<br \/>\nKakl\u0131k Ma\u011faras\u0131: 33 km<br \/>\nPamukkale: 48 km<br \/>\nTripolis: 58 km<\/p>\n<\/div><\/div>\n\t\t<\/div><\/div>\t\t\t\t<\/div>\n\t\t\t\t<\/div>\n\t\t\t\t\t<\/div>\n\t\t<\/div>\n\t\t\t\t\t<\/div>\n\t\t<\/section>\n\t\t\t\t<section class=\"elementor-section elementor-top-section elementor-element elementor-element-f544cf7 elementor-section-boxed elementor-section-height-default elementor-section-height-default sc_fly_static\" data-id=\"f544cf7\" data-element_type=\"section\" data-e-type=\"section\">\n\t\t\t\t\t\t<div class=\"elementor-container elementor-column-gap-extended\">\n\t\t\t\t\t<div class=\"elementor-column elementor-col-100 elementor-top-column elementor-element elementor-element-8dd0799 sc_content_align_inherit sc_layouts_column_icons_position_left sc_fly_static\" data-id=\"8dd0799\" data-element_type=\"column\" data-e-type=\"column\">\n\t\t\t<div class=\"elementor-widget-wrap elementor-element-populated\">\n\t\t\t\t\t\t<div class=\"elementor-element elementor-element-dd0df58 sc_height_medium sc_fly_static elementor-widget elementor-widget-spacer\" data-id=\"dd0df58\" data-element_type=\"widget\" data-e-type=\"widget\" data-widget_type=\"spacer.default\">\n\t\t\t\t<div class=\"elementor-widget-container\">\n\t\t\t\t\t\t\t<div class=\"elementor-spacer\">\n\t\t\t<div class=\"elementor-spacer-inner\"><\/div>\n\t\t<\/div>\n\t\t\t\t\t\t<\/div>\n\t\t\t\t<\/div>\n\t\t\t\t\t<\/div>\n\t\t<\/div>\n\t\t\t\t\t<\/div>\n\t\t<\/section>\n\t\t\t\t<section class=\"elementor-section-with-custom-width elementor-section elementor-top-section elementor-element elementor-element-8d6237f elementor-section-boxed elementor-section-height-default elementor-section-height-default sc_fly_static\" data-id=\"8d6237f\" data-element_type=\"section\" data-e-type=\"section\">\n\t\t\t\t\t\t<div class=\"elementor-container elementor-column-gap-wider\">\n\t\t\t\t\t<div class=\"elementor-column elementor-col-50 elementor-top-column elementor-element elementor-element-61817a8 scheme_light sc_content_align_inherit sc_layouts_column_icons_position_left sc_fly_static\" data-id=\"61817a8\" data-element_type=\"column\" data-e-type=\"column\">\n\t\t\t<div class=\"elementor-widget-wrap elementor-element-populated\">\n\t\t\t\t\t\t<div class=\"elementor-element elementor-element-9122bcc sc_fly_static elementor-widget elementor-widget-trx_sc_contact_form_7\" data-id=\"9122bcc\" data-element_type=\"widget\" data-e-type=\"widget\" data-widget_type=\"trx_sc_contact_form_7.default\">\n\t\t\t\t<div class=\"elementor-widget-container\">\n\t\t\t\t\t\n<div class=\"wpcf7 no-js\" id=\"wpcf7-f5-o1\" lang=\"en-US\" dir=\"ltr\" data-wpcf7-id=\"5\">\n<div class=\"screen-reader-response\"><p role=\"status\" aria-live=\"polite\" aria-atomic=\"true\"><\/p> <ul><\/ul><\/div>\n<form action=\"\/tr_tr\/wp-json\/wp\/v2\/pages\/1453#wpcf7-f5-o1\" method=\"post\" class=\"wpcf7-form init\" aria-label=\"Contact form\" novalidate=\"novalidate\" data-status=\"init\">\n<fieldset class=\"hidden-fields-container\"><input type=\"hidden\" name=\"_wpcf7\" value=\"5\" \/><input type=\"hidden\" name=\"_wpcf7_version\" value=\"6.1.5\" \/><input type=\"hidden\" name=\"_wpcf7_locale\" value=\"en_US\" \/><input type=\"hidden\" name=\"_wpcf7_unit_tag\" value=\"wpcf7-f5-o1\" \/><input type=\"hidden\" name=\"_wpcf7_container_post\" value=\"0\" \/><input type=\"hidden\" name=\"_wpcf7_posted_data_hash\" value=\"\" \/>\n<\/fieldset>\n<div class=\"form-style-1\">\n\t<div class=\"columns_wrap\">\n\t\t<div class=\"column-1_2\">\n\t\t\t<p><span class=\"style-line icon-name\"><span class=\"wpcf7-form-control-wrap\" data-name=\"your-name\"><input size=\"40\" maxlength=\"400\" class=\"wpcf7-form-control wpcf7-text wpcf7-validates-as-required\" aria-required=\"true\" aria-invalid=\"false\" placeholder=\"\u0130sim\" value=\"\" type=\"text\" name=\"your-name\" \/><\/span><\/span>\n\t\t\t<\/p>\n\t\t<\/div>\n\t\t<div class=\"column-1_2\">\n\t\t\t<p><span class=\"style-line icon-email\"><span class=\"wpcf7-form-control-wrap\" data-name=\"your-email\"><input size=\"40\" maxlength=\"400\" class=\"wpcf7-form-control wpcf7-email wpcf7-validates-as-required wpcf7-text wpcf7-validates-as-email\" aria-required=\"true\" aria-invalid=\"false\" placeholder=\"E-Posta Adresi\" value=\"\" type=\"email\" name=\"your-email\" \/><\/span><\/span>\n\t\t\t<\/p>\n\t\t<\/div>\n\t<\/div>\n\t<div class=\"columns_wrap\">\n\t\t<div class=\"column-1_2\">\n\t\t\t<p><span class=\"style-line icon-phone\"><span class=\"wpcf7-form-control-wrap\" data-name=\"phone\"><input size=\"40\" maxlength=\"400\" class=\"wpcf7-form-control wpcf7-tel wpcf7-validates-as-required wpcf7-text wpcf7-validates-as-tel\" aria-required=\"true\" aria-invalid=\"false\" placeholder=\"Telefon\" value=\"\" type=\"tel\" name=\"phone\" \/><\/span><\/span>\n\t\t\t<\/p>\n\t\t<\/div>\n\t\t<div class=\"column-1_2\">\n\t\t\t<p><span class=\"style-line icon-subject\"><span class=\"wpcf7-form-control-wrap\" data-name=\"subject\"><input size=\"40\" maxlength=\"400\" class=\"wpcf7-form-control wpcf7-text wpcf7-validates-as-required\" aria-required=\"true\" aria-invalid=\"false\" placeholder=\"Konu\" value=\"\" type=\"text\" name=\"subject\" \/><\/span><\/span>\n\t\t\t<\/p>\n\t\t<\/div>\n\t<\/div>\n\t<div class=\"columns_wrap margin-bottom\">\n\t\t<div class=\"column-1_1\">\n\t\t\t<p><span class=\"style-line icon-textarea\"><span class=\"wpcf7-form-control-wrap\" data-name=\"your-message\"><textarea cols=\"40\" rows=\"10\" maxlength=\"2000\" class=\"wpcf7-form-control wpcf7-textarea wpcf7-validates-as-required\" aria-required=\"true\" aria-invalid=\"false\" placeholder=\"Size nas\u0131l yard\u0131mc\u0131 olabiliriz?\" name=\"your-message\"><\/textarea><\/span><\/span>\n\t\t\t<\/p>\n\t\t<\/div>\n\t<\/div>\n\t<p><input class=\"wpcf7-form-control wpcf7-submit has-spinner\" type=\"submit\" value=\"\u0130leti\u015fime Ge\u00e7\" \/>\n\t<\/p>\n<\/div><p style=\"display: none !important;\" class=\"akismet-fields-container\" data-prefix=\"_wpcf7_ak_\"><label>&#916;<textarea name=\"_wpcf7_ak_hp_textarea\" cols=\"45\" rows=\"8\" maxlength=\"100\"><\/textarea><\/label><input type=\"hidden\" id=\"ak_js_1\" name=\"_wpcf7_ak_js\" value=\"9\"\/><script>document.getElementById( \"ak_js_1\" ).setAttribute( \"value\", ( new Date() ).getTime() );<\/script><\/p><div class=\"wpcf7-response-output\" aria-hidden=\"true\"><\/div>\n<\/form>\n<\/div>\n\t\t\t\t<\/div>\n\t\t\t\t<\/div>\n\t\t\t\t\t<\/div>\n\t\t<\/div>\n\t\t\t\t<div class=\"elementor-column elementor-col-50 elementor-top-column elementor-element elementor-element-3d7c0ea elementor-hidden-mobile sc_content_align_inherit sc_layouts_column_icons_position_left sc_fly_static\" data-id=\"3d7c0ea\" data-element_type=\"column\" data-e-type=\"column\">\n\t\t\t<div class=\"elementor-widget-wrap elementor-element-populated\">\n\t\t\t\t\t\t<div class=\"elementor-element elementor-element-bf188c0 sc_fly_static elementor-widget elementor-widget-trx_sc_promo\" data-id=\"bf188c0\" data-element_type=\"widget\" data-e-type=\"widget\" data-widget_type=\"trx_sc_promo.default\">\n\t\t\t\t<div class=\"elementor-widget-container\">\n\t\t\t\t\t<div  \n\tclass=\"sc_promo sc_promo_default sc_promo_size_normal sc_promo_no_image\" ><div class=\"sc_promo_text\" style=\"width: 100%;\" >\n\t\t\t<div class=\"sc_promo_text_inner\"><div class=\"sc_item_descr sc_promo_descr sc_item_descr_with_custom_color trx_addons_inline_332574671\"><p>Tarihsel olarak M.\u00d6 2000 y\u0131llar\u0131na dayanan ge\u00e7mi\u015fi yan\u0131nda T\u00fcrkiye\u2019nin en eski ve verimli \u00fcz\u00fcm ba\u011flar\u0131n\u0131n bulundu\u011fu Denizli \u00c7al \u0130l\u00e7esi ve \u00e7evresi, \u015farapl\u0131k \u00fcz\u00fcm \u00e7e\u015fitleri i\u00e7in \u00e7ok \u00f6zel bir plato olarak bilinir. Bu rota, bug\u00fcnlerde b\u00f6lgedeki ba\u011f ve \u015farap \u00fcreticileri taraf\u0131ndan hayata ge\u00e7irilmeye \u00e7al\u0131\u015f\u0131lan Denizli \u00c7al Ba\u011f Yolu projesi ile giderek daha ilgi \u00e7ekmeye adayd\u0131r.<br \/>\nLermonos Ba\u011flar\u0131 \u00c7al Han\u00e7alar b\u00f6lgesinde kuruludur, diledi\u011finizde ba\u011f alanlar\u0131m\u0131z\u0131 gezebilir ve m\u00fctevazi ba\u011f evimizde ba\u011flara kar\u015f\u0131 kahvenizi yudumlayabilirsiniz.<br \/>\nAyr\u0131ca Lermonos \u015earap\u00e7\u0131l\u0131k \u00fcretim tesisimiz olan fabrikam\u0131z\u0131 ziyaret saatlerinde gezip \u00fcretim ile ilgili bilgiler edinip \u00fcr\u00fcnlerimizle tan\u0131\u015fabilirsiniz.<br \/>\nZiyaret i\u00e7in l\u00fctfen telefonla aray\u0131n veya web sayfam\u0131z \u00fczerinden bildirimde bulunun.<\/p>\n<\/div><\/div>\n\t\t<\/div><\/div>\t\t\t\t<\/div>\n\t\t\t\t<\/div>\n\t\t\t\t\t<\/div>\n\t\t<\/div>\n\t\t\t\t\t<\/div>\n\t\t<\/section>\n\t\t\t\t<section class=\"elementor-section elementor-top-section elementor-element elementor-element-4f51bd2 elementor-section-boxed elementor-section-height-default elementor-section-height-default sc_fly_static\" data-id=\"4f51bd2\" data-element_type=\"section\" data-e-type=\"section\">\n\t\t\t\t\t\t<div class=\"elementor-container elementor-column-gap-extended\">\n\t\t\t\t\t<div class=\"elementor-column elementor-col-100 elementor-top-column elementor-element elementor-element-6a8a312 sc_content_align_inherit sc_layouts_column_icons_position_left sc_fly_static\" data-id=\"6a8a312\" data-element_type=\"column\" data-e-type=\"column\">\n\t\t\t<div class=\"elementor-widget-wrap elementor-element-populated\">\n\t\t\t\t\t\t<div class=\"elementor-element elementor-element-f6c9f30 sc_height_medium sc_fly_static elementor-widget elementor-widget-spacer\" data-id=\"f6c9f30\" data-element_type=\"widget\" data-e-type=\"widget\" data-widget_type=\"spacer.default\">\n\t\t\t\t<div class=\"elementor-widget-container\">\n\t\t\t\t\t\t\t<div class=\"elementor-spacer\">\n\t\t\t<div class=\"elementor-spacer-inner\"><\/div>\n\t\t<\/div>\n\t\t\t\t\t\t<\/div>\n\t\t\t\t<\/div>\n\t\t\t\t\t<\/div>\n\t\t<\/div>\n\t\t\t\t\t<\/div>\n\t\t<\/section>\n\t\t\t\t<\/div>\n\t\t","protected":false},"excerpt":{"rendered":"<p>Winery Lermonos Ba\u011fc\u0131l\u0131k \u015earap\u00e7\u0131l\u0131k A\u015eSelcen, 2 No&#8217;lu K\u00fcme Evler No 2 D:1, 20765 \u00c7al\/Denizli Adres&hellip;<\/p>\n","protected":false},"author":1,"featured_media":0,"parent":0,"menu_order":0,"comment_status":"closed","ping_status":"closed","template":"","meta":{"footnotes":""},"class_list":["post-1453","page","type-page","status-publish","hentry"],"aioseo_notices":[],"_links":{"self":[{"href":"https:\/\/www.lermonos.com\/tr_tr\/wp-json\/wp\/v2\/pages\/1453","targetHints":{"allow":["GET"]}}],"collection":[{"href":"https:\/\/www.lermonos.com\/tr_tr\/wp-json\/wp\/v2\/pages"}],"about":[{"href":"https:\/\/www.lermonos.com\/tr_tr\/wp-json\/wp\/v2\/types\/page"}],"author":[{"embeddable":true,"href":"https:\/\/www.lermonos.com\/tr_tr\/wp-json\/wp\/v2\/users\/1"}],"replies":[{"embeddable":true,"href":"https:\/\/www.lermonos.com\/tr_tr\/wp-json\/wp\/v2\/comments?post=1453"}],"version-history":[{"count":423,"href":"https:\/\/www.lermonos.com\/tr_tr\/wp-json\/wp\/v2\/pages\/1453\/revisions"}],"predecessor-version":[{"id":21508,"href":"https:\/\/www.lermonos.com\/tr_tr\/wp-json\/wp\/v2\/pages\/1453\/revisions\/21508"}],"wp:attachment":[{"href":"https:\/\/www.lermonos.com\/tr_tr\/wp-json\/wp\/v2\/media?parent=1453"}],"curies":[{"name":"wp","href":"https:\/\/api.w.org\/{rel}","templated":true}]}}