{"id":20256,"date":"2025-06-20T19:05:41","date_gmt":"2025-06-20T19:05:41","guid":{"rendered":"https:\/\/www.lermonos.com\/?page_id=20256"},"modified":"2025-07-10T20:19:42","modified_gmt":"2025-07-10T20:19:42","slug":"galeri","status":"publish","type":"page","link":"https:\/\/www.lermonos.com\/tr_tr\/galeri\/","title":{"rendered":"Galeri"},"content":{"rendered":"\t\t<div data-elementor-type=\"wp-page\" data-elementor-id=\"20256\" class=\"elementor elementor-20256\">\n\t\t\t\t\t\t<section class=\"elementor-section elementor-top-section elementor-element elementor-element-5ce860d elementor-section-boxed elementor-section-height-default elementor-section-height-default sc_fly_static\" data-id=\"5ce860d\" data-element_type=\"section\" data-e-type=\"section\">\n\t\t\t\t\t\t<div class=\"elementor-container elementor-column-gap-extended\">\n\t\t\t\t\t<div class=\"elementor-column elementor-col-100 elementor-top-column elementor-element elementor-element-36bbf9a sc_content_align_inherit sc_layouts_column_icons_position_left sc_fly_static\" data-id=\"36bbf9a\" data-element_type=\"column\" data-e-type=\"column\">\n\t\t\t<div class=\"elementor-widget-wrap elementor-element-populated\">\n\t\t\t\t\t\t<div class=\"elementor-element elementor-element-2c41ddf sc_height_medium sc_fly_static elementor-widget elementor-widget-spacer\" data-id=\"2c41ddf\" data-element_type=\"widget\" data-e-type=\"widget\" data-widget_type=\"spacer.default\">\n\t\t\t\t<div class=\"elementor-widget-container\">\n\t\t\t\t\t\t\t<div class=\"elementor-spacer\">\n\t\t\t<div class=\"elementor-spacer-inner\"><\/div>\n\t\t<\/div>\n\t\t\t\t\t\t<\/div>\n\t\t\t\t<\/div>\n\t\t\t\t\t<\/div>\n\t\t<\/div>\n\t\t\t\t\t<\/div>\n\t\t<\/section>\n\t\t\t\t<section class=\"elementor-section elementor-top-section elementor-element elementor-element-322e6a7 elementor-section-content-top elementor-section-boxed elementor-section-height-default elementor-section-height-default sc_fly_static\" data-id=\"322e6a7\" data-element_type=\"section\" data-e-type=\"section\" data-settings=\"{&quot;background_background&quot;:&quot;classic&quot;}\">\n\t\t\t\t\t\t<div class=\"elementor-container elementor-column-gap-extended\">\n\t\t\t\t\t<div class=\"elementor-column elementor-col-100 elementor-top-column elementor-element elementor-element-f23ca4b sc_content_align_inherit sc_layouts_column_icons_position_left sc_fly_static\" data-id=\"f23ca4b\" data-element_type=\"column\" data-e-type=\"column\">\n\t\t\t<div class=\"elementor-widget-wrap elementor-element-populated\">\n\t\t\t\t\t\t<div class=\"elementor-element elementor-element-03c54c0 sc_fly_static elementor-widget elementor-widget-trx_sc_title\" data-id=\"03c54c0\" data-element_type=\"widget\" data-e-type=\"widget\" data-widget_type=\"trx_sc_title.default\">\n\t\t\t\t<div class=\"elementor-widget-container\">\n\t\t\t\t\t<div\t\tclass=\"sc_title sc_title_icon_bottom\" ><span class=\"sc_item_subtitle sc_title_subtitle sc_align_center sc_item_subtitle_above sc_item_title_style_icon_bottom\">Lermonos\u2019tan G\u00f6r\u00fcnt\u00fcler<\/span><h1 class=\"sc_item_title sc_title_title sc_align_center sc_item_title_style_icon_bottom sc_item_title_tag trx_addons_inline_1101222972\"\n\t\t\t><span class=\"sc_item_title_text\">Galeri<\/span><\/h1><div class=\"sc_item_descr sc_title_descr sc_align_center\"><p>Mevsim d\u00f6ng\u00fcs\u00fc, hasat sabahlar\u0131, tad\u0131m anlar\u0131 ve ba\u011f sessizli\u011fi\u2026<br \/> Lermonos\u2019ta \u015farap sadece bir \u00fcr\u00fcn de\u011fil, ya\u015fanm\u0131\u015f bir zaman\u0131n sonucu. O anlar\u0131 en iyi, foto\u011fraflar anlat\u0131r.<\/p>\n<\/div><\/div>\t\t\t\t<\/div>\n\t\t\t\t<\/div>\n\t\t\t\t<div class=\"elementor-element elementor-element-c0219c2 sc_fly_static elementor-widget elementor-widget-spacer\" data-id=\"c0219c2\" data-element_type=\"widget\" data-e-type=\"widget\" data-widget_type=\"spacer.default\">\n\t\t\t\t<div class=\"elementor-widget-container\">\n\t\t\t\t\t\t\t<div class=\"elementor-spacer\">\n\t\t\t<div class=\"elementor-spacer-inner\"><\/div>\n\t\t<\/div>\n\t\t\t\t\t\t<\/div>\n\t\t\t\t<\/div>\n\t\t\t\t<div class=\"elementor-element elementor-element-e018547 sc_fly_static elementor-widget elementor-widget-trx_sc_button\" data-id=\"e018547\" data-element_type=\"widget\" data-e-type=\"widget\" data-widget_type=\"trx_sc_button.default\">\n\t\t\t\t<div class=\"elementor-widget-container\">\n\t\t\t\t\t<div\tclass=\"sc_item_button sc_button_wrap sc_align_center\" ><a href=\"https:\/\/www.instagram.com\/lermonoswines\/\" class=\"sc_button sc_button_flow sc_button_size_normal sc_button_with_icon sc_button_icon_left\" ><span class=\"sc_button_icon\"><span class=\"icon-instagram\"><\/span><\/span><span class=\"sc_button_text\"><span class=\"sc_button_title\">instagram<\/span><\/span><\/a><\/div>\t\t\t\t<\/div>\n\t\t\t\t<\/div>\n\t\t\t\t<div class=\"elementor-element elementor-element-d83baf4 sc_height_small sc_fly_static elementor-widget elementor-widget-spacer\" data-id=\"d83baf4\" data-element_type=\"widget\" data-e-type=\"widget\" data-widget_type=\"spacer.default\">\n\t\t\t\t<div class=\"elementor-widget-container\">\n\t\t\t\t\t\t\t<div class=\"elementor-spacer\">\n\t\t\t<div class=\"elementor-spacer-inner\"><\/div>\n\t\t<\/div>\n\t\t\t\t\t\t<\/div>\n\t\t\t\t<\/div>\n\t\t\t\t<div class=\"elementor-element elementor-element-ccf8be1 gallery-spacing-custom sc_fly_static elementor-widget elementor-widget-image-gallery\" data-id=\"ccf8be1\" data-element_type=\"widget\" data-e-type=\"widget\" data-widget_type=\"image-gallery.default\">\n\t\t\t\t<div class=\"elementor-widget-container\">\n\t\t\t\t\t\t\t<div class=\"elementor-image-gallery\">\n\t\t\t<div id='gallery-1' class='gallery galleryid-20256 gallery-columns-3 gallery-size-trx_addons-thumb-avatar'><figure class='gallery-item'>\n\t\t\t<div class='gallery-icon landscape'>\n\t\t\t\t<a data-elementor-open-lightbox=\"yes\" data-elementor-lightbox-slideshow=\"ccf8be1\" data-e-action-hash=\"#elementor-action%3Aaction%3Dlightbox%26settings%3DeyJpZCI6MTg5MzYsInVybCI6Imh0dHBzOlwvXC93d3cubGVybW9ub3MuY29tXC93cC1jb250ZW50XC91cGxvYWRzXC8yMDI1XC8wNlwvYmFubmVyLTEtMS53ZWJwIiwic2xpZGVzaG93IjoiY2NmOGJlMSJ9\" href='https:\/\/www.lermonos.com\/wp-content\/uploads\/2025\/06\/banner-1-1.webp'><img fetchpriority=\"high\" decoding=\"async\" width=\"370\" height=\"370\" src=\"https:\/\/www.lermonos.com\/wp-content\/uploads\/2025\/06\/banner-1-1-370x370.webp\" class=\"attachment-trx_addons-thumb-avatar size-trx_addons-thumb-avatar\" alt=\"\" srcset=\"https:\/\/www.lermonos.com\/wp-content\/uploads\/2025\/06\/banner-1-1-370x370.webp 370w, https:\/\/www.lermonos.com\/wp-content\/uploads\/2025\/06\/banner-1-1-150x150.webp 150w, https:\/\/www.lermonos.com\/wp-content\/uploads\/2025\/06\/banner-1-1-120x120.webp 120w\" sizes=\"(max-width: 600px) 100vw, 370px\" \/><\/a>\n\t\t\t<\/div><\/figure><figure class='gallery-item'>\n\t\t\t<div class='gallery-icon landscape'>\n\t\t\t\t<a data-elementor-open-lightbox=\"yes\" data-elementor-lightbox-slideshow=\"ccf8be1\" data-e-action-hash=\"#elementor-action%3Aaction%3Dlightbox%26settings%3DeyJpZCI6MTk5OTAsInVybCI6Imh0dHBzOlwvXC93d3cubGVybW9ub3MuY29tXC93cC1jb250ZW50XC91cGxvYWRzXC8yMDI1XC8wNlwvbGVybW9ub3MtMi5qcGciLCJzbGlkZXNob3ciOiJjY2Y4YmUxIn0%3D\" href='https:\/\/www.lermonos.com\/wp-content\/uploads\/2025\/06\/lermonos-2.jpg'><img decoding=\"async\" width=\"370\" height=\"370\" src=\"https:\/\/www.lermonos.com\/wp-content\/uploads\/2025\/06\/lermonos-2-370x370.jpg\" class=\"attachment-trx_addons-thumb-avatar size-trx_addons-thumb-avatar\" alt=\"\" srcset=\"https:\/\/www.lermonos.com\/wp-content\/uploads\/2025\/06\/lermonos-2-370x370.jpg 370w, https:\/\/www.lermonos.com\/wp-content\/uploads\/2025\/06\/lermonos-2-150x150.jpg 150w, https:\/\/www.lermonos.com\/wp-content\/uploads\/2025\/06\/lermonos-2-120x120.jpg 120w\" sizes=\"(max-width: 600px) 100vw, 370px\" \/><\/a>\n\t\t\t<\/div><\/figure><figure class='gallery-item'>\n\t\t\t<div class='gallery-icon landscape'>\n\t\t\t\t<a data-elementor-open-lightbox=\"yes\" data-elementor-lightbox-slideshow=\"ccf8be1\" data-e-action-hash=\"#elementor-action%3Aaction%3Dlightbox%26settings%3DeyJpZCI6MTk5ODMsInVybCI6Imh0dHBzOlwvXC93d3cubGVybW9ub3MuY29tXC93cC1jb250ZW50XC91cGxvYWRzXC8yMDI1XC8wNlwvaWxldGlzaW0uanBnIiwic2xpZGVzaG93IjoiY2NmOGJlMSJ9\" href='https:\/\/www.lermonos.com\/wp-content\/uploads\/2025\/06\/iletisim.jpg'><img decoding=\"async\" width=\"370\" height=\"370\" src=\"https:\/\/www.lermonos.com\/wp-content\/uploads\/2025\/06\/iletisim-370x370.jpg\" class=\"attachment-trx_addons-thumb-avatar size-trx_addons-thumb-avatar\" alt=\"\" srcset=\"https:\/\/www.lermonos.com\/wp-content\/uploads\/2025\/06\/iletisim-370x370.jpg 370w, https:\/\/www.lermonos.com\/wp-content\/uploads\/2025\/06\/iletisim-150x150.jpg 150w, https:\/\/www.lermonos.com\/wp-content\/uploads\/2025\/06\/iletisim-120x120.jpg 120w\" sizes=\"(max-width: 600px) 100vw, 370px\" \/><\/a>\n\t\t\t<\/div><\/figure><figure class='gallery-item'>\n\t\t\t<div class='gallery-icon landscape'>\n\t\t\t\t<a data-elementor-open-lightbox=\"yes\" data-elementor-lightbox-slideshow=\"ccf8be1\" data-e-action-hash=\"#elementor-action%3Aaction%3Dlightbox%26settings%3DeyJpZCI6MTk3NjgsInVybCI6Imh0dHBzOlwvXC93d3cubGVybW9ub3MuY29tXC93cC1jb250ZW50XC91cGxvYWRzXC8yMDI1XC8wNlwvYWJvdXRfMi02MDB4NTg0LTEud2VicCIsInNsaWRlc2hvdyI6ImNjZjhiZTEifQ%3D%3D\" href='https:\/\/www.lermonos.com\/wp-content\/uploads\/2025\/06\/about_2-600x584-1.webp'><img loading=\"lazy\" decoding=\"async\" width=\"370\" height=\"370\" src=\"https:\/\/www.lermonos.com\/wp-content\/uploads\/2025\/06\/about_2-600x584-1-370x370.webp\" class=\"attachment-trx_addons-thumb-avatar size-trx_addons-thumb-avatar\" alt=\"\" srcset=\"https:\/\/www.lermonos.com\/wp-content\/uploads\/2025\/06\/about_2-600x584-1-370x370.webp 370w, https:\/\/www.lermonos.com\/wp-content\/uploads\/2025\/06\/about_2-600x584-1-150x150.webp 150w, https:\/\/www.lermonos.com\/wp-content\/uploads\/2025\/06\/about_2-600x584-1-120x120.webp 120w\" sizes=\"(max-width: 600px) 100vw, 370px\" \/><\/a>\n\t\t\t<\/div><\/figure><figure class='gallery-item'>\n\t\t\t<div class='gallery-icon landscape'>\n\t\t\t\t<a data-elementor-open-lightbox=\"yes\" data-elementor-lightbox-slideshow=\"ccf8be1\" data-e-action-hash=\"#elementor-action%3Aaction%3Dlightbox%26settings%3DeyJpZCI6MjAwNTUsInVybCI6Imh0dHBzOlwvXC93d3cubGVybW9ub3MuY29tXC93cC1jb250ZW50XC91cGxvYWRzXC8yMDI1XC8wNlwvd2luZXJ5XzEtNjAweDYwMC0xLndlYnAiLCJzbGlkZXNob3ciOiJjY2Y4YmUxIn0%3D\" href='https:\/\/www.lermonos.com\/wp-content\/uploads\/2025\/06\/winery_1-600x600-1.webp'><img loading=\"lazy\" decoding=\"async\" width=\"370\" height=\"370\" src=\"https:\/\/www.lermonos.com\/wp-content\/uploads\/2025\/06\/winery_1-600x600-1-370x370.webp\" class=\"attachment-trx_addons-thumb-avatar size-trx_addons-thumb-avatar\" alt=\"\" srcset=\"https:\/\/www.lermonos.com\/wp-content\/uploads\/2025\/06\/winery_1-600x600-1-370x370.webp 370w, https:\/\/www.lermonos.com\/wp-content\/uploads\/2025\/06\/winery_1-600x600-1-300x300.webp 300w, https:\/\/www.lermonos.com\/wp-content\/uploads\/2025\/06\/winery_1-600x600-1-150x150.webp 150w, https:\/\/www.lermonos.com\/wp-content\/uploads\/2025\/06\/winery_1-600x600-1-120x120.webp 120w, https:\/\/www.lermonos.com\/wp-content\/uploads\/2025\/06\/winery_1-600x600-1-410x410.webp 410w, https:\/\/www.lermonos.com\/wp-content\/uploads\/2025\/06\/winery_1-600x600-1.webp 600w\" sizes=\"(max-width: 600px) 100vw, 370px\" \/><\/a>\n\t\t\t<\/div><\/figure><figure class='gallery-item'>\n\t\t\t<div class='gallery-icon portrait'>\n\t\t\t\t<a data-elementor-open-lightbox=\"yes\" data-elementor-lightbox-slideshow=\"ccf8be1\" data-e-action-hash=\"#elementor-action%3Aaction%3Dlightbox%26settings%3DeyJpZCI6MTg5NzAsInVybCI6Imh0dHBzOlwvXC93d3cubGVybW9ub3MuY29tXC93cC1jb250ZW50XC91cGxvYWRzXC8yMDI1XC8wNlwvc2FyYXAtMS5qcGciLCJzbGlkZXNob3ciOiJjY2Y4YmUxIn0%3D\" href='https:\/\/www.lermonos.com\/wp-content\/uploads\/2025\/06\/sarap-1.jpg'><img loading=\"lazy\" decoding=\"async\" width=\"370\" height=\"370\" src=\"https:\/\/www.lermonos.com\/wp-content\/uploads\/2025\/06\/sarap-1-370x370.jpg\" class=\"attachment-trx_addons-thumb-avatar size-trx_addons-thumb-avatar\" alt=\"\" srcset=\"https:\/\/www.lermonos.com\/wp-content\/uploads\/2025\/06\/sarap-1-370x370.jpg 370w, https:\/\/www.lermonos.com\/wp-content\/uploads\/2025\/06\/sarap-1-150x150.jpg 150w, https:\/\/www.lermonos.com\/wp-content\/uploads\/2025\/06\/sarap-1-120x120.jpg 120w\" sizes=\"(max-width: 600px) 100vw, 370px\" \/><\/a>\n\t\t\t<\/div><\/figure><figure class='gallery-item'>\n\t\t\t<div class='gallery-icon portrait'>\n\t\t\t\t<a data-elementor-open-lightbox=\"yes\" data-elementor-lightbox-slideshow=\"ccf8be1\" data-e-action-hash=\"#elementor-action%3Aaction%3Dlightbox%26settings%3DeyJpZCI6MTk3MTgsInVybCI6Imh0dHBzOlwvXC93d3cubGVybW9ub3MuY29tXC93cC1jb250ZW50XC91cGxvYWRzXC8yMDI1XC8wNlwvTUdfODg0NS0yLTY4M3gxMDI0LTEud2VicCIsInNsaWRlc2hvdyI6ImNjZjhiZTEifQ%3D%3D\" href='https:\/\/www.lermonos.com\/wp-content\/uploads\/2025\/06\/MG_8845-2-683x1024-1.webp'><img loading=\"lazy\" decoding=\"async\" width=\"370\" height=\"370\" src=\"https:\/\/www.lermonos.com\/wp-content\/uploads\/2025\/06\/MG_8845-2-683x1024-1-370x370.webp\" class=\"attachment-trx_addons-thumb-avatar size-trx_addons-thumb-avatar\" alt=\"\" srcset=\"https:\/\/www.lermonos.com\/wp-content\/uploads\/2025\/06\/MG_8845-2-683x1024-1-370x370.webp 370w, https:\/\/www.lermonos.com\/wp-content\/uploads\/2025\/06\/MG_8845-2-683x1024-1-150x150.webp 150w, https:\/\/www.lermonos.com\/wp-content\/uploads\/2025\/06\/MG_8845-2-683x1024-1-120x120.webp 120w\" sizes=\"(max-width: 600px) 100vw, 370px\" \/><\/a>\n\t\t\t<\/div><\/figure><figure class='gallery-item'>\n\t\t\t<div class='gallery-icon landscape'>\n\t\t\t\t<a data-elementor-open-lightbox=\"yes\" data-elementor-lightbox-slideshow=\"ccf8be1\" data-e-action-hash=\"#elementor-action%3Aaction%3Dlightbox%26settings%3DeyJpZCI6MTg5MzMsInVybCI6Imh0dHBzOlwvXC93d3cubGVybW9ub3MuY29tXC93cC1jb250ZW50XC91cGxvYWRzXC8yMDI1XC8wNlwvbGVybW9ub3MuanBnIiwic2xpZGVzaG93IjoiY2NmOGJlMSJ9\" href='https:\/\/www.lermonos.com\/wp-content\/uploads\/2025\/06\/lermonos.jpg'><img loading=\"lazy\" decoding=\"async\" width=\"370\" height=\"370\" src=\"https:\/\/www.lermonos.com\/wp-content\/uploads\/2025\/06\/lermonos-370x370.jpg\" class=\"attachment-trx_addons-thumb-avatar size-trx_addons-thumb-avatar\" alt=\"\" srcset=\"https:\/\/www.lermonos.com\/wp-content\/uploads\/2025\/06\/lermonos-370x370.jpg 370w, https:\/\/www.lermonos.com\/wp-content\/uploads\/2025\/06\/lermonos-150x150.jpg 150w, https:\/\/www.lermonos.com\/wp-content\/uploads\/2025\/06\/lermonos-120x120.jpg 120w\" sizes=\"(max-width: 600px) 100vw, 370px\" \/><\/a>\n\t\t\t<\/div><\/figure><figure class='gallery-item'>\n\t\t\t<div class='gallery-icon portrait'>\n\t\t\t\t<a data-elementor-open-lightbox=\"yes\" data-elementor-lightbox-slideshow=\"ccf8be1\" data-e-action-hash=\"#elementor-action%3Aaction%3Dlightbox%26settings%3DeyJpZCI6MTg5MzQsInVybCI6Imh0dHBzOlwvXC93d3cubGVybW9ub3MuY29tXC93cC1jb250ZW50XC91cGxvYWRzXC8yMDI1XC8wNlwvbGVybW9ub3MtaGFra2ltaXpkYS5qcGciLCJzbGlkZXNob3ciOiJjY2Y4YmUxIn0%3D\" href='https:\/\/www.lermonos.com\/wp-content\/uploads\/2025\/06\/lermonos-hakkimizda.jpg'><img loading=\"lazy\" decoding=\"async\" width=\"370\" height=\"370\" src=\"https:\/\/www.lermonos.com\/wp-content\/uploads\/2025\/06\/lermonos-hakkimizda-370x370.jpg\" class=\"attachment-trx_addons-thumb-avatar size-trx_addons-thumb-avatar\" alt=\"\" srcset=\"https:\/\/www.lermonos.com\/wp-content\/uploads\/2025\/06\/lermonos-hakkimizda-370x370.jpg 370w, https:\/\/www.lermonos.com\/wp-content\/uploads\/2025\/06\/lermonos-hakkimizda-150x150.jpg 150w, https:\/\/www.lermonos.com\/wp-content\/uploads\/2025\/06\/lermonos-hakkimizda-120x120.jpg 120w\" sizes=\"(max-width: 600px) 100vw, 370px\" \/><\/a>\n\t\t\t<\/div><\/figure><figure class='gallery-item'>\n\t\t\t<div class='gallery-icon portrait'>\n\t\t\t\t<a data-elementor-open-lightbox=\"yes\" data-elementor-lightbox-slideshow=\"ccf8be1\" data-e-action-hash=\"#elementor-action%3Aaction%3Dlightbox%26settings%3DeyJpZCI6MTk2NDYsInVybCI6Imh0dHBzOlwvXC93d3cubGVybW9ub3MuY29tXC93cC1jb250ZW50XC91cGxvYWRzXC8yMDI1XC8wNlwvYmFnLWh1cnJpeWV0LTEud2VicCIsInNsaWRlc2hvdyI6ImNjZjhiZTEifQ%3D%3D\" href='https:\/\/www.lermonos.com\/wp-content\/uploads\/2025\/06\/bag-hurriyet-1.webp'><img loading=\"lazy\" decoding=\"async\" width=\"370\" height=\"370\" src=\"https:\/\/www.lermonos.com\/wp-content\/uploads\/2025\/06\/bag-hurriyet-1-370x370.webp\" class=\"attachment-trx_addons-thumb-avatar size-trx_addons-thumb-avatar\" alt=\"\" srcset=\"https:\/\/www.lermonos.com\/wp-content\/uploads\/2025\/06\/bag-hurriyet-1-370x370.webp 370w, https:\/\/www.lermonos.com\/wp-content\/uploads\/2025\/06\/bag-hurriyet-1-150x150.webp 150w, https:\/\/www.lermonos.com\/wp-content\/uploads\/2025\/06\/bag-hurriyet-1-120x120.webp 120w\" sizes=\"(max-width: 600px) 100vw, 370px\" \/><\/a>\n\t\t\t<\/div><\/figure><figure class='gallery-item'>\n\t\t\t<div class='gallery-icon portrait'>\n\t\t\t\t<a data-elementor-open-lightbox=\"yes\" data-elementor-lightbox-slideshow=\"ccf8be1\" data-e-action-hash=\"#elementor-action%3Aaction%3Dlightbox%26settings%3DeyJpZCI6MTg5NTcsInVybCI6Imh0dHBzOlwvXC93d3cubGVybW9ub3MuY29tXC93cC1jb250ZW50XC91cGxvYWRzXC8yMDI1XC8wNlwvdXJ1bi5qcGciLCJzbGlkZXNob3ciOiJjY2Y4YmUxIn0%3D\" href='https:\/\/www.lermonos.com\/wp-content\/uploads\/2025\/06\/urun.jpg'><img loading=\"lazy\" decoding=\"async\" width=\"370\" height=\"370\" src=\"https:\/\/www.lermonos.com\/wp-content\/uploads\/2025\/06\/urun-370x370.jpg\" class=\"attachment-trx_addons-thumb-avatar size-trx_addons-thumb-avatar\" alt=\"\" srcset=\"https:\/\/www.lermonos.com\/wp-content\/uploads\/2025\/06\/urun-370x370.jpg 370w, https:\/\/www.lermonos.com\/wp-content\/uploads\/2025\/06\/urun-150x150.jpg 150w, https:\/\/www.lermonos.com\/wp-content\/uploads\/2025\/06\/urun-120x120.jpg 120w\" sizes=\"(max-width: 600px) 100vw, 370px\" \/><\/a>\n\t\t\t<\/div><\/figure><figure class='gallery-item'>\n\t\t\t<div class='gallery-icon landscape'>\n\t\t\t\t<a data-elementor-open-lightbox=\"yes\" data-elementor-lightbox-slideshow=\"ccf8be1\" data-e-action-hash=\"#elementor-action%3Aaction%3Dlightbox%26settings%3DeyJpZCI6MTkwMjcsInVybCI6Imh0dHBzOlwvXC93d3cubGVybW9ub3MuY29tXC93cC1jb250ZW50XC91cGxvYWRzXC8yMDI1XC8wNlwvTUdfODg3MS53ZWJwIiwic2xpZGVzaG93IjoiY2NmOGJlMSJ9\" href='https:\/\/www.lermonos.com\/wp-content\/uploads\/2025\/06\/MG_8871.webp'><img loading=\"lazy\" decoding=\"async\" width=\"370\" height=\"370\" src=\"https:\/\/www.lermonos.com\/wp-content\/uploads\/2025\/06\/MG_8871-370x370.webp\" class=\"attachment-trx_addons-thumb-avatar size-trx_addons-thumb-avatar\" alt=\"\" srcset=\"https:\/\/www.lermonos.com\/wp-content\/uploads\/2025\/06\/MG_8871-370x370.webp 370w, https:\/\/www.lermonos.com\/wp-content\/uploads\/2025\/06\/MG_8871-150x150.webp 150w, https:\/\/www.lermonos.com\/wp-content\/uploads\/2025\/06\/MG_8871-120x120.webp 120w\" sizes=\"(max-width: 600px) 100vw, 370px\" \/><\/a>\n\t\t\t<\/div><\/figure>\n\t\t<\/div>\n\t\t<\/div>\n\t\t\t\t\t\t<\/div>\n\t\t\t\t<\/div>\n\t\t\t\t\t<\/div>\n\t\t<\/div>\n\t\t\t\t\t<\/div>\n\t\t<\/section>\n\t\t\t\t<section class=\"elementor-section elementor-top-section elementor-element elementor-element-32027b1 elementor-section-boxed elementor-section-height-default elementor-section-height-default sc_fly_static\" data-id=\"32027b1\" data-element_type=\"section\" data-e-type=\"section\">\n\t\t\t\t\t\t<div class=\"elementor-container elementor-column-gap-extended\">\n\t\t\t\t\t<div class=\"elementor-column elementor-col-100 elementor-top-column elementor-element elementor-element-4713fd4 sc_content_align_inherit sc_layouts_column_icons_position_left sc_fly_static\" data-id=\"4713fd4\" data-element_type=\"column\" data-e-type=\"column\">\n\t\t\t<div class=\"elementor-widget-wrap elementor-element-populated\">\n\t\t\t\t\t\t<div class=\"elementor-element elementor-element-1bd0199 sc_height_medium sc_fly_static elementor-widget elementor-widget-spacer\" data-id=\"1bd0199\" data-element_type=\"widget\" data-e-type=\"widget\" data-widget_type=\"spacer.default\">\n\t\t\t\t<div class=\"elementor-widget-container\">\n\t\t\t\t\t\t\t<div class=\"elementor-spacer\">\n\t\t\t<div class=\"elementor-spacer-inner\"><\/div>\n\t\t<\/div>\n\t\t\t\t\t\t<\/div>\n\t\t\t\t<\/div>\n\t\t\t\t\t<\/div>\n\t\t<\/div>\n\t\t\t\t\t<\/div>\n\t\t<\/section>\n\t\t\t\t<\/div>\n\t\t","protected":false},"excerpt":{"rendered":"<p>Lermonos\u2019tan G\u00f6r\u00fcnt\u00fcler Galeri Mevsim d\u00f6ng\u00fcs\u00fc, hasat sabahlar\u0131, tad\u0131m anlar\u0131 ve ba\u011f sessizli\u011fi\u2026 Lermonos\u2019ta \u015farap sadece&hellip;<\/p>\n","protected":false},"author":1,"featured_media":0,"parent":0,"menu_order":0,"comment_status":"closed","ping_status":"closed","template":"","meta":{"footnotes":""},"class_list":["post-20256","page","type-page","status-publish","hentry"],"aioseo_notices":[],"_links":{"self":[{"href":"https:\/\/www.lermonos.com\/tr_tr\/wp-json\/wp\/v2\/pages\/20256","targetHints":{"allow":["GET"]}}],"collection":[{"href":"https:\/\/www.lermonos.com\/tr_tr\/wp-json\/wp\/v2\/pages"}],"about":[{"href":"https:\/\/www.lermonos.com\/tr_tr\/wp-json\/wp\/v2\/types\/page"}],"author":[{"embeddable":true,"href":"https:\/\/www.lermonos.com\/tr_tr\/wp-json\/wp\/v2\/users\/1"}],"replies":[{"embeddable":true,"href":"https:\/\/www.lermonos.com\/tr_tr\/wp-json\/wp\/v2\/comments?post=20256"}],"version-history":[{"count":79,"href":"https:\/\/www.lermonos.com\/tr_tr\/wp-json\/wp\/v2\/pages\/20256\/revisions"}],"predecessor-version":[{"id":21530,"href":"https:\/\/www.lermonos.com\/tr_tr\/wp-json\/wp\/v2\/pages\/20256\/revisions\/21530"}],"wp:attachment":[{"href":"https:\/\/www.lermonos.com\/tr_tr\/wp-json\/wp\/v2\/media?parent=20256"}],"curies":[{"name":"wp","href":"https:\/\/api.w.org\/{rel}","templated":true}]}}