{"id":20902,"date":"2025-07-09T17:19:08","date_gmt":"2025-07-09T17:19:08","guid":{"rendered":"https:\/\/www.lermonos.com\/?page_id=20902"},"modified":"2025-07-17T07:55:12","modified_gmt":"2025-07-17T07:55:12","slug":"urunler","status":"publish","type":"page","link":"https:\/\/www.lermonos.com\/tr_tr\/urunler\/","title":{"rendered":"\u00dcr\u00fcnler"},"content":{"rendered":"\t\t<div data-elementor-type=\"wp-page\" data-elementor-id=\"20902\" class=\"elementor elementor-20902\">\n\t\t\t\t\t\t<section class=\"elementor-section-with-custom-width elementor-section elementor-top-section elementor-element elementor-element-5ce860d elementor-section-boxed elementor-section-height-default elementor-section-height-default sc_fly_static\" data-id=\"5ce860d\" data-element_type=\"section\" data-e-type=\"section\">\n\t\t\t\t\t\t<div class=\"elementor-container elementor-column-gap-extended\">\n\t\t\t\t\t<div class=\"elementor-column elementor-col-100 elementor-top-column elementor-element elementor-element-36bbf9a sc_content_align_inherit sc_layouts_column_icons_position_left sc_fly_static\" data-id=\"36bbf9a\" data-element_type=\"column\" data-e-type=\"column\">\n\t\t\t<div class=\"elementor-widget-wrap elementor-element-populated\">\n\t\t\t\t\t\t<div class=\"elementor-element elementor-element-2c41ddf sc_height_medium sc_fly_static elementor-widget elementor-widget-spacer\" data-id=\"2c41ddf\" data-element_type=\"widget\" data-e-type=\"widget\" data-widget_type=\"spacer.default\">\n\t\t\t\t<div class=\"elementor-widget-container\">\n\t\t\t\t\t\t\t<div class=\"elementor-spacer\">\n\t\t\t<div class=\"elementor-spacer-inner\"><\/div>\n\t\t<\/div>\n\t\t\t\t\t\t<\/div>\n\t\t\t\t<\/div>\n\t\t\t\t\t<\/div>\n\t\t<\/div>\n\t\t\t\t\t<\/div>\n\t\t<\/section>\n\t\t\t\t<section class=\"elementor-section-with-custom-width elementor-section elementor-top-section elementor-element elementor-element-322e6a7 elementor-section-content-top elementor-section-boxed elementor-section-height-default elementor-section-height-default sc_fly_static\" data-id=\"322e6a7\" data-element_type=\"section\" data-e-type=\"section\" data-settings=\"{&quot;background_background&quot;:&quot;classic&quot;}\">\n\t\t\t\t\t\t<div class=\"elementor-container elementor-column-gap-extended\">\n\t\t\t\t\t<div class=\"elementor-column elementor-col-100 elementor-top-column elementor-element elementor-element-f23ca4b sc_content_align_inherit sc_layouts_column_icons_position_left sc_fly_static\" data-id=\"f23ca4b\" data-element_type=\"column\" data-e-type=\"column\">\n\t\t\t<div class=\"elementor-widget-wrap elementor-element-populated\">\n\t\t\t\t\t\t<div class=\"elementor-element elementor-element-03c54c0 sc_fly_static elementor-widget elementor-widget-trx_sc_title\" data-id=\"03c54c0\" data-element_type=\"widget\" data-e-type=\"widget\" data-widget_type=\"trx_sc_title.default\">\n\t\t\t\t<div class=\"elementor-widget-container\">\n\t\t\t\t\t<div\t\tclass=\"sc_title sc_title_icon_bottom\" ><h1 class=\"sc_item_title sc_title_title sc_align_center sc_item_title_style_icon_bottom sc_item_title_tag trx_addons_inline_1001301299\"\n\t\t\t><span class=\"sc_item_title_text\">Ba\u011fdan \u015ei\u015feye<\/span><\/h1><div class=\"sc_item_descr sc_title_descr sc_align_center\"><p>Lermonos \u015faraplar\u0131 yaln\u0131zca \u00fcz\u00fcmden ibaret de\u011fildir. Her kadehte topra\u011f\u0131n sesi, y\u0131l\u0131n iklimi, \u00fcreticinin titizli\u011fi ve winemaker\u2019\u0131m\u0131z\u0131n bilgeli\u011fi hissedilir.<br \/>\nAma onu ger\u00e7ekten \u015faraba d\u00f6n\u00fc\u015ft\u00fcren, t\u0131pk\u0131 bir \u015fefin taba\u011f\u0131nda yapt\u0131\u011f\u0131 gibi, winemaker\u2019\u0131n vizyonu, deneyimi ve sezgisidir.<br \/>\n<strong style=\"color: #800020;\">\u00c7\u00fcnk\u00fc \u015farap yaln\u0131zca yap\u0131lmaz; yarat\u0131l\u0131r.<\/strong><\/p>\n<\/div><\/div>\t\t\t\t<\/div>\n\t\t\t\t<\/div>\n\t\t\t\t<div class=\"elementor-element elementor-element-add6233 sc_height_small sc_fly_static elementor-widget elementor-widget-spacer\" data-id=\"add6233\" data-element_type=\"widget\" data-e-type=\"widget\" data-widget_type=\"spacer.default\">\n\t\t\t\t<div class=\"elementor-widget-container\">\n\t\t\t\t\t\t\t<div class=\"elementor-spacer\">\n\t\t\t<div class=\"elementor-spacer-inner\"><\/div>\n\t\t<\/div>\n\t\t\t\t\t\t<\/div>\n\t\t\t\t<\/div>\n\t\t\t\t\t<\/div>\n\t\t<\/div>\n\t\t\t\t\t<\/div>\n\t\t<\/section>\n\t\t\t\t<section class=\"elementor-section elementor-top-section elementor-element elementor-element-13a9eee elementor-section-boxed elementor-section-height-default elementor-section-height-default sc_fly_static\" data-id=\"13a9eee\" data-element_type=\"section\" data-e-type=\"section\">\n\t\t\t\t\t\t<div class=\"elementor-container elementor-column-gap-extended\">\n\t\t\t\t\t<div class=\"elementor-column elementor-col-100 elementor-top-column elementor-element elementor-element-6884edb sc_content_align_inherit sc_layouts_column_icons_position_left sc_fly_static\" data-id=\"6884edb\" data-element_type=\"column\" data-e-type=\"column\">\n\t\t\t<div class=\"elementor-widget-wrap elementor-element-populated\">\n\t\t\t\t\t\t<div class=\"elementor-element elementor-element-a58b677 elementor-widget-tablet__width-initial elementor-widget-mobile__width-inherit extra-icon-padding sc_fly_static elementor-widget elementor-widget-trx_sc_icons\" data-id=\"a58b677\" data-element_type=\"widget\" data-e-type=\"widget\" data-widget_type=\"trx_sc_icons.default\">\n\t\t\t\t<div class=\"elementor-widget-container\">\n\t\t\t\t\t<div \tclass=\"sc_icons color_style_link2 sc_icons_card sc_icons_size_medium sc_align_center\" ><div class=\"sc_icons_columns_wrap sc_item_columns trx_addons_columns_wrap columns_padding_bottom columns_in_single_row\" ><div class=\"trx_addons_column-1_3\"><div class=\"sc_icons_item sc_icons_item_linked with_more\"><div class=\"sc_icons_image\" ><img decoding=\"async\" src=\"\/\/www.lermonos.com\/wp-content\/uploads\/2025\/07\/lykos-valley_page-0001-1.jpg\" alt=\"Icon\" width=\"150\" height=\"186\"><\/div><div class=\"sc_icons_item_details\"><h4 class=\"sc_icons_item_title\"><a href=\"https:\/\/www.lermonos.com\/urunlerimiz\/\">\n                                    Lykos Valley                                    <\/a><\/h4><div class=\"sc_icons_item_description\"><span><b>Binlerce Y\u0131ll\u0131k Bir Yoldan \u015earaba<\/b><\/span><span><\/span><span>Lykos Valley, \u0130\u00e7 Anadolu\u2019nun d\u00fczl\u00fc\u011f\u00fcnden Ege\u2019nin mavi k\u0131y\u0131lar\u0131na uzanan antik bir ba\u011f yolculu\u011funun \u015faraptaki yans\u0131mas\u0131d\u0131r.<\/span><span><\/span><span>Yerel ve global \u00fcz\u00fcmlerden, \u00e7elik tankta fermente edilen \u00f6zel kupajlarla \u00fcretilmi\u015ftir.<\/span><\/div><a href=\"https:\/\/www.lermonos.com\/urunlerimiz\/\" class=\"sc_icons_item_more_link\">\n                        <span class=\"link_text\">Bilgi<\/span><span class=\"link_icon\"><\/span>\n                        <\/a><a href=\"https:\/\/www.lermonos.com\/urunlerimiz\/\"\n                        class=\"sc_icons_item_link\">\n                        <\/a><\/div><\/div><\/div><div class=\"trx_addons_column-1_3\"><div class=\"sc_icons_item sc_icons_item_linked with_more\"><div class=\"sc_icons_image\" ><img fetchpriority=\"high\" decoding=\"async\" src=\"\/\/www.lermonos.com\/wp-content\/uploads\/2025\/07\/carovino2-410x230.png\" alt=\"Icon\" width=\"410\" height=\"230\"><\/div><div class=\"sc_icons_item_details\"><h4 class=\"sc_icons_item_title\"><a href=\"https:\/\/www.lermonos.com\/urunlerimiz\/\">\n                                    Carovino                                    <\/a><\/h4><div class=\"sc_icons_item_description\"><span><b>\u00c7al Karas\u0131\u2019na Adanm\u0131\u015f Bir A\u015fk Mektubu<\/b><\/span><span><\/span><span>Carovino, ad\u0131n\u0131 k\u00f6klerimizden alan ve sadece Lermonos Ba\u011flar\u0131\u2019nda yeti\u015fen organik \u00c7al Karas\u0131 \u00fcz\u00fcmlerinden \u00fcretilen \u00f6zel bir seri.<\/span><span><\/span><span>Blanc de Noir, Roze ve Clairet gibi formlarla, bu yerel cevheri farkl\u0131 y\u00fczleriyle sunar.<\/span><\/div><a href=\"https:\/\/www.lermonos.com\/urunlerimiz\/\" class=\"sc_icons_item_more_link\">\n                        <span class=\"link_text\">Bilgi<\/span><span class=\"link_icon\"><\/span>\n                        <\/a><a href=\"https:\/\/www.lermonos.com\/urunlerimiz\/\"\n                        class=\"sc_icons_item_link\">\n                        <\/a><\/div><\/div><\/div><div class=\"trx_addons_column-1_3\"><div class=\"sc_icons_item sc_icons_item_linked with_more\"><div class=\"sc_icons_image\" ><img decoding=\"async\" src=\"\/\/www.lermonos.com\/wp-content\/uploads\/2025\/07\/rindera-e1752144085647.jpg\" alt=\"Icon\" width=\"150\" height=\"186\"><\/div><div class=\"sc_icons_item_details\"><h4 class=\"sc_icons_item_title\"><a href=\"https:\/\/www.lermonos.com\/urunlerimiz\/\">\n                                    Rindera                                    <\/a><\/h4><div class=\"sc_icons_item_description\"><span><b>Denizli\u2019nin Endemik Zarafeti<\/b><\/span><span><\/span><span>2020 y\u0131l\u0131nda ad\u0131n\u0131 sadece Denizli\u2019de yeti\u015fen Rindera \u00e7i\u00e7e\u011finden alan bu seri, t\u0131pk\u0131 bu nadide bitki gibi \u00f6zg\u00fcn, rafine ve yerel bir zarafete sahiptir.<\/span><span><\/span><span>Alt\u0131 farkl\u0131 monosepaj ve kupaj, Lermonos\u2019un \u00f6zenli ba\u011fc\u0131l\u0131\u011f\u0131 ve f\u0131\u00e7\u0131-tank dengesiyle hayat bulur.<\/span><\/div><a href=\"https:\/\/www.lermonos.com\/urunlerimiz\/\" class=\"sc_icons_item_more_link\">\n                        <span class=\"link_text\">Bilgi<\/span><span class=\"link_icon\"><\/span>\n                        <\/a><a href=\"https:\/\/www.lermonos.com\/urunlerimiz\/\"\n                        class=\"sc_icons_item_link\">\n                        <\/a><\/div><\/div><\/div><\/div><\/div><!-- \/.sc_icons -->\t\t\t\t<\/div>\n\t\t\t\t<\/div>\n\t\t\t\t\t<\/div>\n\t\t<\/div>\n\t\t\t\t\t<\/div>\n\t\t<\/section>\n\t\t\t\t<section class=\"elementor-section elementor-top-section elementor-element elementor-element-36eea37 elementor-section-boxed elementor-section-height-default elementor-section-height-default sc_fly_static\" data-id=\"36eea37\" data-element_type=\"section\" data-e-type=\"section\">\n\t\t\t\t\t\t<div class=\"elementor-container elementor-column-gap-extended\">\n\t\t\t\t\t<div class=\"elementor-column elementor-col-100 elementor-top-column elementor-element elementor-element-ebe8ccd sc_content_align_inherit sc_layouts_column_icons_position_left sc_fly_static\" data-id=\"ebe8ccd\" data-element_type=\"column\" data-e-type=\"column\">\n\t\t\t<div class=\"elementor-widget-wrap elementor-element-populated\">\n\t\t\t\t\t\t<div class=\"elementor-element elementor-element-121b3b5 sc_height_tiny sc_fly_static elementor-widget elementor-widget-spacer\" data-id=\"121b3b5\" data-element_type=\"widget\" data-e-type=\"widget\" data-widget_type=\"spacer.default\">\n\t\t\t\t<div class=\"elementor-widget-container\">\n\t\t\t\t\t\t\t<div class=\"elementor-spacer\">\n\t\t\t<div class=\"elementor-spacer-inner\"><\/div>\n\t\t<\/div>\n\t\t\t\t\t\t<\/div>\n\t\t\t\t<\/div>\n\t\t\t\t\t<\/div>\n\t\t<\/div>\n\t\t\t\t\t<\/div>\n\t\t<\/section>\n\t\t\t\t<section class=\"elementor-section elementor-top-section elementor-element elementor-element-6f5a377 elementor-section-boxed elementor-section-height-default elementor-section-height-default sc_fly_static\" data-id=\"6f5a377\" data-element_type=\"section\" data-e-type=\"section\">\n\t\t\t\t\t\t<div class=\"elementor-container elementor-column-gap-extended\">\n\t\t\t\t\t<div class=\"elementor-column elementor-col-50 elementor-top-column elementor-element elementor-element-dd5a0f7 sc_content_align_inherit sc_layouts_column_icons_position_left sc_fly_static\" data-id=\"dd5a0f7\" data-element_type=\"column\" data-e-type=\"column\">\n\t\t\t<div class=\"elementor-widget-wrap elementor-element-populated\">\n\t\t\t\t\t\t<div class=\"elementor-element elementor-element-3a7404b elementor-widget-tablet__width-initial elementor-widget-mobile__width-inherit extra-icon-padding sc_fly_static elementor-widget elementor-widget-trx_sc_icons\" data-id=\"3a7404b\" data-element_type=\"widget\" data-e-type=\"widget\" data-widget_type=\"trx_sc_icons.default\">\n\t\t\t\t<div class=\"elementor-widget-container\">\n\t\t\t\t\t<div \tclass=\"sc_icons color_style_link2 sc_icons_card sc_icons_size_medium sc_align_center\" ><div class=\"sc_icons_columns_wrap sc_item_columns trx_addons_columns_wrap columns_padding_bottom columns_in_single_row\" ><div class=\"trx_addons_column-1_2\"><div class=\"sc_icons_item sc_icons_item_linked with_more\"><div class=\"sc_icons_image\" ><img loading=\"lazy\" decoding=\"async\" src=\"\/\/www.lermonos.com\/wp-content\/uploads\/2025\/07\/lermonos-merlot_page-0001-410x230.jpg\" alt=\"Icon\" width=\"410\" height=\"230\"><\/div><div class=\"sc_icons_item_details\"><h4 class=\"sc_icons_item_title\"><a href=\"https:\/\/www.lermonos.com\/urunlerimiz\/\">\n                                    Lermonos                                    <\/a><\/h4><div class=\"sc_icons_item_description\"><span><b>Y\u00fcksek Rak\u0131m\u0131n, Organik Ba\u011flar\u0131n ve Ustal\u0131\u011f\u0131n Bulu\u015ftu\u011fu \u015earaplar<\/b><\/span><span><\/span><span>Lermonos, Han\u00e7alar b\u00f6lgesindeki 850 rak\u0131ml\u0131 organik ba\u011flar\u0131m\u0131zda, se\u00e7ili parsellerin seyreltilmi\u015f \u00fcz\u00fcmlerinden \u00fcretilen butik serimizi temsil eder.<\/span><span><\/span><span>Frans\u0131z me\u015fe f\u0131\u00e7\u0131larda olgunla\u015ft\u0131r\u0131lan bu \u015faraplar, terroir'\u00fcn karakterini ve zamana yay\u0131lan ustal\u0131\u011f\u0131m\u0131z\u0131 yans\u0131t\u0131r.<\/span><span><\/span><\/div><a href=\"https:\/\/www.lermonos.com\/urunlerimiz\/\" class=\"sc_icons_item_more_link\">\n                        <span class=\"link_text\">Bilgi<\/span><span class=\"link_icon\"><\/span>\n                        <\/a><a href=\"https:\/\/www.lermonos.com\/urunlerimiz\/\"\n                        class=\"sc_icons_item_link\">\n                        <\/a><\/div><\/div><\/div><div class=\"trx_addons_column-1_2\"><div class=\"sc_icons_item sc_icons_item_linked with_more\"><div class=\"sc_icons_image\" ><img loading=\"lazy\" decoding=\"async\" src=\"\/\/www.lermonos.com\/wp-content\/uploads\/2025\/07\/lykos-1-410x230.png\" alt=\"Icon\" width=\"410\" height=\"230\"><\/div><div class=\"sc_icons_item_details\"><h4 class=\"sc_icons_item_title\"><a href=\"https:\/\/www.lermonos.com\/urunlerimiz\/\">\n                                    Alice                                    <\/a><\/h4><div class=\"sc_icons_item_description\"><span><b>G\u00f6r\u00fcnenin \u00d6tesine Ge\u00e7enlere\u2026<\/b><\/span><span><\/span><span>ALICE, yerelin ve evrenselin, ge\u00e7mi\u015fin ve gelece\u011fin, \u00fcz\u00fcm\u00fcn ve \u015farab\u0131n kesi\u015fiminde konumlan\u0131r.<\/span><span><\/span><span>Beyaz, roze ve k\u0131rm\u0131z\u0131 kupajlar\u0131yla, her yudumda cesur bir ke\u015ffe davet eder.<\/span><span><\/span><span><\/span><\/div><a href=\"https:\/\/www.lermonos.com\/urunlerimiz\/\" class=\"sc_icons_item_more_link\">\n                        <span class=\"link_text\">Bilgi<\/span><span class=\"link_icon\"><\/span>\n                        <\/a><a href=\"https:\/\/www.lermonos.com\/urunlerimiz\/\"\n                        class=\"sc_icons_item_link\">\n                        <\/a><\/div><\/div><\/div><\/div><\/div><!-- \/.sc_icons -->\t\t\t\t<\/div>\n\t\t\t\t<\/div>\n\t\t\t\t\t<\/div>\n\t\t<\/div>\n\t\t\t\t<div class=\"elementor-column elementor-col-50 elementor-top-column elementor-element elementor-element-fea606a scheme_dark sc_content_align_inherit sc_layouts_column_icons_position_left sc_fly_static\" data-id=\"fea606a\" data-element_type=\"column\" data-e-type=\"column\">\n\t\t\t<div class=\"elementor-widget-wrap\">\n\t\t\t\t\t\t\t<\/div>\n\t\t<\/div>\n\t\t\t\t\t<\/div>\n\t\t<\/section>\n\t\t\t\t<section class=\"elementor-section elementor-top-section elementor-element elementor-element-e261e91 elementor-section-boxed elementor-section-height-default elementor-section-height-default sc_fly_static\" data-id=\"e261e91\" data-element_type=\"section\" data-e-type=\"section\">\n\t\t\t\t\t\t<div class=\"elementor-container elementor-column-gap-extended\">\n\t\t\t\t\t<div class=\"elementor-column elementor-col-100 elementor-top-column elementor-element elementor-element-09305a1 sc_content_align_inherit sc_layouts_column_icons_position_left sc_fly_static\" data-id=\"09305a1\" data-element_type=\"column\" data-e-type=\"column\">\n\t\t\t<div class=\"elementor-widget-wrap elementor-element-populated\">\n\t\t\t\t\t\t<div class=\"elementor-element elementor-element-da20026 sc_height_tiny sc_fly_static elementor-widget elementor-widget-spacer\" data-id=\"da20026\" data-element_type=\"widget\" data-e-type=\"widget\" data-widget_type=\"spacer.default\">\n\t\t\t\t<div class=\"elementor-widget-container\">\n\t\t\t\t\t\t\t<div class=\"elementor-spacer\">\n\t\t\t<div class=\"elementor-spacer-inner\"><\/div>\n\t\t<\/div>\n\t\t\t\t\t\t<\/div>\n\t\t\t\t<\/div>\n\t\t\t\t\t<\/div>\n\t\t<\/div>\n\t\t\t\t\t<\/div>\n\t\t<\/section>\n\t\t\t\t<section class=\"elementor-section elementor-top-section elementor-element elementor-element-32027b1 elementor-section-boxed elementor-section-height-default elementor-section-height-default sc_fly_static\" data-id=\"32027b1\" data-element_type=\"section\" data-e-type=\"section\">\n\t\t\t\t\t\t<div class=\"elementor-container elementor-column-gap-extended\">\n\t\t\t\t\t<div class=\"elementor-column elementor-col-100 elementor-top-column elementor-element elementor-element-4713fd4 sc_content_align_inherit sc_layouts_column_icons_position_left sc_fly_static\" data-id=\"4713fd4\" data-element_type=\"column\" data-e-type=\"column\">\n\t\t\t<div class=\"elementor-widget-wrap elementor-element-populated\">\n\t\t\t\t\t\t<div class=\"elementor-element elementor-element-1bd0199 sc_height_huge sc_fly_static elementor-widget elementor-widget-spacer\" data-id=\"1bd0199\" data-element_type=\"widget\" data-e-type=\"widget\" data-widget_type=\"spacer.default\">\n\t\t\t\t<div class=\"elementor-widget-container\">\n\t\t\t\t\t\t\t<div class=\"elementor-spacer\">\n\t\t\t<div class=\"elementor-spacer-inner\"><\/div>\n\t\t<\/div>\n\t\t\t\t\t\t<\/div>\n\t\t\t\t<\/div>\n\t\t\t\t\t<\/div>\n\t\t<\/div>\n\t\t\t\t\t<\/div>\n\t\t<\/section>\n\t\t\t\t<\/div>\n\t\t","protected":false},"excerpt":{"rendered":"<p>Ba\u011fdan \u015ei\u015feye Lermonos \u015faraplar\u0131 yaln\u0131zca \u00fcz\u00fcmden ibaret de\u011fildir. Her kadehte topra\u011f\u0131n sesi, y\u0131l\u0131n iklimi, \u00fcreticinin&hellip;<\/p>\n","protected":false},"author":1,"featured_media":0,"parent":0,"menu_order":0,"comment_status":"closed","ping_status":"closed","template":"","meta":{"footnotes":""},"class_list":["post-20902","page","type-page","status-publish","hentry"],"aioseo_notices":[],"_links":{"self":[{"href":"https:\/\/www.lermonos.com\/tr_tr\/wp-json\/wp\/v2\/pages\/20902","targetHints":{"allow":["GET"]}}],"collection":[{"href":"https:\/\/www.lermonos.com\/tr_tr\/wp-json\/wp\/v2\/pages"}],"about":[{"href":"https:\/\/www.lermonos.com\/tr_tr\/wp-json\/wp\/v2\/types\/page"}],"author":[{"embeddable":true,"href":"https:\/\/www.lermonos.com\/tr_tr\/wp-json\/wp\/v2\/users\/1"}],"replies":[{"embeddable":true,"href":"https:\/\/www.lermonos.com\/tr_tr\/wp-json\/wp\/v2\/comments?post=20902"}],"version-history":[{"count":184,"href":"https:\/\/www.lermonos.com\/tr_tr\/wp-json\/wp\/v2\/pages\/20902\/revisions"}],"predecessor-version":[{"id":21659,"href":"https:\/\/www.lermonos.com\/tr_tr\/wp-json\/wp\/v2\/pages\/20902\/revisions\/21659"}],"wp:attachment":[{"href":"https:\/\/www.lermonos.com\/tr_tr\/wp-json\/wp\/v2\/media?parent=20902"}],"curies":[{"name":"wp","href":"https:\/\/api.w.org\/{rel}","templated":true}]}}