{"id":20999,"date":"2025-07-09T18:10:47","date_gmt":"2025-07-09T18:10:47","guid":{"rendered":"https:\/\/www.lermonos.com\/?page_id=20999"},"modified":"2025-07-09T21:09:41","modified_gmt":"2025-07-09T21:09:41","slug":"restoran-tadim","status":"publish","type":"page","link":"https:\/\/www.lermonos.com\/tr_tr\/restoran-tadim\/","title":{"rendered":"Restoran &#038; Tad\u0131m"},"content":{"rendered":"\t\t<div data-elementor-type=\"wp-page\" data-elementor-id=\"20999\" class=\"elementor elementor-20999\">\n\t\t\t\t\t\t<section class=\"elementor-section elementor-top-section elementor-element elementor-element-00a2060 elementor-section-boxed elementor-section-height-default elementor-section-height-default sc_fly_static\" data-id=\"00a2060\" data-element_type=\"section\" data-e-type=\"section\" data-settings=\"{&quot;background_background&quot;:&quot;classic&quot;}\">\n\t\t\t\t\t\t<div class=\"elementor-container elementor-column-gap-extended\">\n\t\t\t\t\t<div class=\"elementor-column elementor-col-100 elementor-top-column elementor-element elementor-element-5eb5aa5 sc_content_align_inherit sc_layouts_column_icons_position_left sc_fly_static\" data-id=\"5eb5aa5\" data-element_type=\"column\" data-e-type=\"column\">\n\t\t\t<div class=\"elementor-widget-wrap elementor-element-populated\">\n\t\t\t\t\t\t<div class=\"elementor-element elementor-element-62b388c sc_height_medium sc_fly_static elementor-widget elementor-widget-spacer\" data-id=\"62b388c\" data-element_type=\"widget\" data-e-type=\"widget\" data-widget_type=\"spacer.default\">\n\t\t\t\t<div class=\"elementor-widget-container\">\n\t\t\t\t\t\t\t<div class=\"elementor-spacer\">\n\t\t\t<div class=\"elementor-spacer-inner\"><\/div>\n\t\t<\/div>\n\t\t\t\t\t\t<\/div>\n\t\t\t\t<\/div>\n\t\t\t\t\t<\/div>\n\t\t<\/div>\n\t\t\t\t\t<\/div>\n\t\t<\/section>\n\t\t\t\t<section class=\"elementor-section elementor-top-section elementor-element elementor-element-448d412 elementor-section-boxed elementor-section-height-default elementor-section-height-default sc_fly_static\" data-id=\"448d412\" data-element_type=\"section\" data-e-type=\"section\" data-settings=\"{&quot;background_background&quot;:&quot;classic&quot;}\">\n\t\t\t\t\t\t<div class=\"elementor-container elementor-column-gap-extended\">\n\t\t\t\t\t<div class=\"elementor-column elementor-col-50 elementor-top-column elementor-element elementor-element-b80a8c3 sc_content_align_inherit sc_layouts_column_icons_position_left sc_fly_static\" data-id=\"b80a8c3\" data-element_type=\"column\" data-e-type=\"column\">\n\t\t\t<div class=\"elementor-widget-wrap elementor-element-populated\">\n\t\t\t\t\t\t<section class=\"elementor-section elementor-inner-section elementor-element elementor-element-972f96d elementor-section-boxed elementor-section-height-default elementor-section-height-default sc_fly_static\" data-id=\"972f96d\" data-element_type=\"section\" data-e-type=\"section\">\n\t\t\t\t\t\t<div class=\"elementor-container elementor-column-gap-no\">\n\t\t\t\t\t<div class=\"elementor-column elementor-col-100 elementor-inner-column elementor-element elementor-element-dae1e7e sc_content_align_inherit sc_layouts_column_icons_position_left sc_fly_static\" data-id=\"dae1e7e\" data-element_type=\"column\" data-e-type=\"column\">\n\t\t\t<div class=\"elementor-widget-wrap elementor-element-populated\">\n\t\t\t\t\t\t<div class=\"elementor-element elementor-element-e7995f5 no-title sc_fly_static elementor-widget elementor-widget-image\" data-id=\"e7995f5\" data-element_type=\"widget\" data-e-type=\"widget\" data-widget_type=\"image.default\">\n\t\t\t\t<div class=\"elementor-widget-container\">\n\t\t\t\t\t\t\t\t\t\t\t\t\t\t\t<img fetchpriority=\"high\" decoding=\"async\" width=\"1080\" height=\"765\" src=\"https:\/\/www.lermonos.com\/wp-content\/uploads\/2025\/07\/lermonos-e1752085030446.jpg\" class=\"attachment-full size-full wp-image-21001\" alt=\"\" srcset=\"https:\/\/www.lermonos.com\/wp-content\/uploads\/2025\/07\/lermonos-e1752085030446.jpg 1080w, https:\/\/www.lermonos.com\/wp-content\/uploads\/2025\/07\/lermonos-e1752085030446-300x213.jpg 300w, https:\/\/www.lermonos.com\/wp-content\/uploads\/2025\/07\/lermonos-e1752085030446-1024x725.jpg 1024w, https:\/\/www.lermonos.com\/wp-content\/uploads\/2025\/07\/lermonos-e1752085030446-768x544.jpg 768w, https:\/\/www.lermonos.com\/wp-content\/uploads\/2025\/07\/lermonos-e1752085030446-18x12.jpg 18w, https:\/\/www.lermonos.com\/wp-content\/uploads\/2025\/07\/lermonos-e1752085030446-370x262.jpg 370w, https:\/\/www.lermonos.com\/wp-content\/uploads\/2025\/07\/lermonos-e1752085030446-840x595.jpg 840w, https:\/\/www.lermonos.com\/wp-content\/uploads\/2025\/07\/lermonos-e1752085030446-410x290.jpg 410w\" sizes=\"(max-width: 1080px) 100vw, 1080px\" \/>\t\t\t\t\t\t\t\t\t\t\t\t\t\t\t<\/div>\n\t\t\t\t<\/div>\n\t\t\t\t\t<\/div>\n\t\t<\/div>\n\t\t\t\t\t<\/div>\n\t\t<\/section>\n\t\t\t\t\t<\/div>\n\t\t<\/div>\n\t\t\t\t<div class=\"elementor-column elementor-col-50 elementor-top-column elementor-element elementor-element-7a7771f sc_content_align_inherit sc_layouts_column_icons_position_left sc_fly_static\" data-id=\"7a7771f\" data-element_type=\"column\" data-e-type=\"column\">\n\t\t\t<div class=\"elementor-widget-wrap elementor-element-populated\">\n\t\t\t\t\t\t<div class=\"elementor-element elementor-element-482f445 sc_fly_static elementor-widget elementor-widget-trx_sc_title\" data-id=\"482f445\" data-element_type=\"widget\" data-e-type=\"widget\" data-widget_type=\"trx_sc_title.default\">\n\t\t\t\t<div class=\"elementor-widget-container\">\n\t\t\t\t\t<div\t\tclass=\"sc_title sc_title_default\" ><span class=\"sc_item_subtitle sc_title_subtitle sc_item_subtitle_above sc_item_title_style_default\">Restoran & Tad\u0131m<\/span><h1 class=\"sc_item_title sc_title_title sc_item_title_style_default sc_item_title_tag trx_addons_inline_128300697\"\n\t\t\t><span class=\"sc_item_title_text\">Ba\u011fda Bir Masa<\/span><\/h1><div class=\"sc_item_descr sc_title_descr\"><p>Do\u011fal malzemelerle haz\u0131rlanan tabaklar, ba\u011f\u0131n ortas\u0131nda kurulu bir sofrada bulu\u015fur. Lermonos Masas\u0131\u2019nda mevsime g\u00f6re de\u011fi\u015fen lezzetler, e\u015fle\u015fen \u015faraplarla tamamlan\u0131r. Tad\u0131m deneyimleri ise rehberli sunumlar, f\u0131\u00e7\u0131 ba\u015f\u0131nda sohbetler ve ba\u011f\u0131n sessiz diline kulak veren anlarla doludur.<\/p>\n<\/div><div\tclass=\"sc_item_button sc_button_wrap sc_item_button sc_item_button_default sc_item_button_size_normal sc_title_button\"><a href=\"https:\/\/www.sagel.app\/#\/manual-reservation\/Lermonos%20%C5%9Earap%20Tad%C4%B1m%20&#038;%20Restaurant\" class=\"sc_button sc_button_default sc_button_size_normal sc_button_icon_left\"><span class=\"sc_button_text\"><span class=\"sc_button_title\">Restoran Rezervasyon<\/span><\/span><\/a><\/div><\/div>\t\t\t\t<\/div>\n\t\t\t\t<\/div>\n\t\t\t\t\t<\/div>\n\t\t<\/div>\n\t\t\t\t\t<\/div>\n\t\t<\/section>\n\t\t\t\t<section class=\"elementor-section elementor-top-section elementor-element elementor-element-7d925d2 elementor-section-boxed elementor-section-height-default elementor-section-height-default sc_fly_static\" data-id=\"7d925d2\" data-element_type=\"section\" data-e-type=\"section\">\n\t\t\t\t\t\t<div class=\"elementor-container elementor-column-gap-extended\">\n\t\t\t\t\t<div class=\"elementor-column elementor-col-100 elementor-top-column elementor-element elementor-element-3bf92d5 sc_content_align_inherit sc_layouts_column_icons_position_left sc_fly_static\" data-id=\"3bf92d5\" data-element_type=\"column\" data-e-type=\"column\">\n\t\t\t<div class=\"elementor-widget-wrap elementor-element-populated\">\n\t\t\t\t\t\t<div class=\"elementor-element elementor-element-a357c1c sc_height_large sc_fly_static elementor-widget elementor-widget-spacer\" data-id=\"a357c1c\" data-element_type=\"widget\" data-e-type=\"widget\" data-widget_type=\"spacer.default\">\n\t\t\t\t<div class=\"elementor-widget-container\">\n\t\t\t\t\t\t\t<div class=\"elementor-spacer\">\n\t\t\t<div class=\"elementor-spacer-inner\"><\/div>\n\t\t<\/div>\n\t\t\t\t\t\t<\/div>\n\t\t\t\t<\/div>\n\t\t\t\t\t<\/div>\n\t\t<\/div>\n\t\t\t\t\t<\/div>\n\t\t<\/section>\n\t\t\t\t<section class=\"elementor-section elementor-top-section elementor-element elementor-element-2782890 elementor-section-boxed elementor-section-height-default elementor-section-height-default sc_fly_static\" data-id=\"2782890\" data-element_type=\"section\" data-e-type=\"section\">\n\t\t\t\t\t\t<div class=\"elementor-container elementor-column-gap-extended\">\n\t\t\t\t\t<div class=\"elementor-column elementor-col-100 elementor-top-column elementor-element elementor-element-6d68206 sc_content_align_inherit sc_layouts_column_icons_position_left sc_fly_static\" data-id=\"6d68206\" data-element_type=\"column\" data-e-type=\"column\">\n\t\t\t<div class=\"elementor-widget-wrap elementor-element-populated\">\n\t\t\t\t\t\t<div class=\"elementor-element elementor-element-578916f gallery-spacing-custom sc_fly_static elementor-widget elementor-widget-image-gallery\" data-id=\"578916f\" data-element_type=\"widget\" data-e-type=\"widget\" data-widget_type=\"image-gallery.default\">\n\t\t\t\t<div class=\"elementor-widget-container\">\n\t\t\t\t\t\t\t<div class=\"elementor-image-gallery\">\n\t\t\t<div id='gallery-1' class='gallery galleryid-20999 gallery-columns-4 gallery-size-foodie-thumb-masonry-big'><figure class='gallery-item'>\n\t\t\t<div class='gallery-icon portrait'>\n\t\t\t\t<a data-elementor-open-lightbox=\"yes\" data-elementor-lightbox-slideshow=\"578916f\" data-e-action-hash=\"#elementor-action%3Aaction%3Dlightbox%26settings%3DeyJpZCI6MTg5NjksInVybCI6Imh0dHBzOlwvXC93d3cubGVybW9ub3MuY29tXC93cC1jb250ZW50XC91cGxvYWRzXC8yMDI1XC8wNlwvc2FyYXAuanBnIiwic2xpZGVzaG93IjoiNTc4OTE2ZiJ9\" href='https:\/\/www.lermonos.com\/wp-content\/uploads\/2025\/06\/sarap.jpg'><img decoding=\"async\" width=\"840\" height=\"1050\" src=\"https:\/\/www.lermonos.com\/wp-content\/uploads\/2025\/06\/sarap.jpg\" class=\"attachment-foodie-thumb-masonry-big size-foodie-thumb-masonry-big\" alt=\"\" \/><\/a>\n\t\t\t<\/div><\/figure><figure class='gallery-item'>\n\t\t\t<div class='gallery-icon portrait'>\n\t\t\t\t<a data-elementor-open-lightbox=\"yes\" data-elementor-lightbox-slideshow=\"578916f\" data-e-action-hash=\"#elementor-action%3Aaction%3Dlightbox%26settings%3DeyJpZCI6MTg5NTcsInVybCI6Imh0dHBzOlwvXC93d3cubGVybW9ub3MuY29tXC93cC1jb250ZW50XC91cGxvYWRzXC8yMDI1XC8wNlwvdXJ1bi5qcGciLCJzbGlkZXNob3ciOiI1Nzg5MTZmIn0%3D\" href='https:\/\/www.lermonos.com\/wp-content\/uploads\/2025\/06\/urun.jpg'><img decoding=\"async\" width=\"840\" height=\"1050\" src=\"https:\/\/www.lermonos.com\/wp-content\/uploads\/2025\/06\/urun-840x1050.jpg\" class=\"attachment-foodie-thumb-masonry-big size-foodie-thumb-masonry-big\" alt=\"\" srcset=\"https:\/\/www.lermonos.com\/wp-content\/uploads\/2025\/06\/urun-840x1050.jpg 840w, https:\/\/www.lermonos.com\/wp-content\/uploads\/2025\/06\/urun-240x300.jpg 240w, https:\/\/www.lermonos.com\/wp-content\/uploads\/2025\/06\/urun-819x1024.jpg 819w, https:\/\/www.lermonos.com\/wp-content\/uploads\/2025\/06\/urun-768x960.jpg 768w, https:\/\/www.lermonos.com\/wp-content\/uploads\/2025\/06\/urun-370x463.jpg 370w, https:\/\/www.lermonos.com\/wp-content\/uploads\/2025\/06\/urun-410x513.jpg 410w, https:\/\/www.lermonos.com\/wp-content\/uploads\/2025\/06\/urun.jpg 1080w\" sizes=\"(max-width: 840px) 100vw, 840px\" \/><\/a>\n\t\t\t<\/div><\/figure><figure class='gallery-item'>\n\t\t\t<div class='gallery-icon portrait'>\n\t\t\t\t<a data-elementor-open-lightbox=\"yes\" data-elementor-lightbox-slideshow=\"578916f\" data-e-action-hash=\"#elementor-action%3Aaction%3Dlightbox%26settings%3DeyJpZCI6MTg5NDAsInVybCI6Imh0dHBzOlwvXC93d3cubGVybW9ub3MuY29tXC93cC1jb250ZW50XC91cGxvYWRzXC8yMDI1XC8wNlwvbGVybW9ub3MtaGFra2ltaXpkYTIuanBnIiwic2xpZGVzaG93IjoiNTc4OTE2ZiJ9\" href='https:\/\/www.lermonos.com\/wp-content\/uploads\/2025\/06\/lermonos-hakkimizda2.jpg'><img loading=\"lazy\" decoding=\"async\" width=\"840\" height=\"1050\" src=\"https:\/\/www.lermonos.com\/wp-content\/uploads\/2025\/06\/lermonos-hakkimizda2-840x1050.jpg\" class=\"attachment-foodie-thumb-masonry-big size-foodie-thumb-masonry-big\" alt=\"\" srcset=\"https:\/\/www.lermonos.com\/wp-content\/uploads\/2025\/06\/lermonos-hakkimizda2-840x1050.jpg 840w, https:\/\/www.lermonos.com\/wp-content\/uploads\/2025\/06\/lermonos-hakkimizda2-240x300.jpg 240w, https:\/\/www.lermonos.com\/wp-content\/uploads\/2025\/06\/lermonos-hakkimizda2-819x1024.jpg 819w, https:\/\/www.lermonos.com\/wp-content\/uploads\/2025\/06\/lermonos-hakkimizda2-768x960.jpg 768w, https:\/\/www.lermonos.com\/wp-content\/uploads\/2025\/06\/lermonos-hakkimizda2-370x463.jpg 370w, https:\/\/www.lermonos.com\/wp-content\/uploads\/2025\/06\/lermonos-hakkimizda2-410x513.jpg 410w, https:\/\/www.lermonos.com\/wp-content\/uploads\/2025\/06\/lermonos-hakkimizda2.jpg 1080w\" sizes=\"(max-width: 840px) 100vw, 840px\" \/><\/a>\n\t\t\t<\/div><\/figure><figure class='gallery-item'>\n\t\t\t<div class='gallery-icon portrait'>\n\t\t\t\t<a data-elementor-open-lightbox=\"yes\" data-elementor-lightbox-slideshow=\"578916f\" data-e-action-hash=\"#elementor-action%3Aaction%3Dlightbox%26settings%3DeyJpZCI6MTg5MzQsInVybCI6Imh0dHBzOlwvXC93d3cubGVybW9ub3MuY29tXC93cC1jb250ZW50XC91cGxvYWRzXC8yMDI1XC8wNlwvbGVybW9ub3MtaGFra2ltaXpkYS5qcGciLCJzbGlkZXNob3ciOiI1Nzg5MTZmIn0%3D\" href='https:\/\/www.lermonos.com\/wp-content\/uploads\/2025\/06\/lermonos-hakkimizda.jpg'><img loading=\"lazy\" decoding=\"async\" width=\"840\" height=\"1050\" src=\"https:\/\/www.lermonos.com\/wp-content\/uploads\/2025\/06\/lermonos-hakkimizda-840x1050.jpg\" class=\"attachment-foodie-thumb-masonry-big size-foodie-thumb-masonry-big\" alt=\"\" srcset=\"https:\/\/www.lermonos.com\/wp-content\/uploads\/2025\/06\/lermonos-hakkimizda-840x1050.jpg 840w, https:\/\/www.lermonos.com\/wp-content\/uploads\/2025\/06\/lermonos-hakkimizda-240x300.jpg 240w, https:\/\/www.lermonos.com\/wp-content\/uploads\/2025\/06\/lermonos-hakkimizda-819x1024.jpg 819w, https:\/\/www.lermonos.com\/wp-content\/uploads\/2025\/06\/lermonos-hakkimizda-768x960.jpg 768w, https:\/\/www.lermonos.com\/wp-content\/uploads\/2025\/06\/lermonos-hakkimizda-370x463.jpg 370w, https:\/\/www.lermonos.com\/wp-content\/uploads\/2025\/06\/lermonos-hakkimizda-410x513.jpg 410w, https:\/\/www.lermonos.com\/wp-content\/uploads\/2025\/06\/lermonos-hakkimizda.jpg 1080w\" sizes=\"(max-width: 840px) 100vw, 840px\" \/><\/a>\n\t\t\t<\/div><\/figure>\n\t\t<\/div>\n\t\t<\/div>\n\t\t\t\t\t\t<\/div>\n\t\t\t\t<\/div>\n\t\t\t\t\t<\/div>\n\t\t<\/div>\n\t\t\t\t\t<\/div>\n\t\t<\/section>\n\t\t\t\t<\/div>\n\t\t","protected":false},"excerpt":{"rendered":"<p>Restoran &#038; Tad\u0131m Ba\u011fda Bir Masa Do\u011fal malzemelerle haz\u0131rlanan tabaklar, ba\u011f\u0131n ortas\u0131nda kurulu bir sofrada&hellip;<\/p>\n","protected":false},"author":1,"featured_media":0,"parent":0,"menu_order":0,"comment_status":"closed","ping_status":"closed","template":"","meta":{"footnotes":""},"class_list":["post-20999","page","type-page","status-publish","hentry"],"aioseo_notices":[],"_links":{"self":[{"href":"https:\/\/www.lermonos.com\/tr_tr\/wp-json\/wp\/v2\/pages\/20999","targetHints":{"allow":["GET"]}}],"collection":[{"href":"https:\/\/www.lermonos.com\/tr_tr\/wp-json\/wp\/v2\/pages"}],"about":[{"href":"https:\/\/www.lermonos.com\/tr_tr\/wp-json\/wp\/v2\/types\/page"}],"author":[{"embeddable":true,"href":"https:\/\/www.lermonos.com\/tr_tr\/wp-json\/wp\/v2\/users\/1"}],"replies":[{"embeddable":true,"href":"https:\/\/www.lermonos.com\/tr_tr\/wp-json\/wp\/v2\/comments?post=20999"}],"version-history":[{"count":49,"href":"https:\/\/www.lermonos.com\/tr_tr\/wp-json\/wp\/v2\/pages\/20999\/revisions"}],"predecessor-version":[{"id":21096,"href":"https:\/\/www.lermonos.com\/tr_tr\/wp-json\/wp\/v2\/pages\/20999\/revisions\/21096"}],"wp:attachment":[{"href":"https:\/\/www.lermonos.com\/tr_tr\/wp-json\/wp\/v2\/media?parent=20999"}],"curies":[{"name":"wp","href":"https:\/\/api.w.org\/{rel}","templated":true}]}}